{"id":153,"date":"2017-12-28T17:20:03","date_gmt":"2017-12-28T16:20:03","guid":{"rendered":"http:\/\/pierniczymotorniczy.pl\/?page_id=153"},"modified":"2022-10-15T09:23:23","modified_gmt":"2022-10-15T07:23:23","slug":"polecane","status":"publish","type":"page","link":"http:\/\/pierniczymotorniczy.pl\/?page_id=153","title":{"rendered":"Polecane"},"content":{"rendered":"<h2 style=\"text-align: center;\"><span style=\"color: #48902d;\">Polecane strony:<\/span><\/h2>\n<hr>\n<h4 style=\"text-align: center;\"><\/h4>\n<h3 class=\"_5pbw _5vra\" style=\"text-align: center;\" data-ft=\"{&quot;tn&quot;:&quot;C&quot;}\"><a href=\"https:\/\/www.youtube.com\/channel\/UCUA6OfVs2kTC50CZt2gzKmQ\"><img loading=\"lazy\" class=\"wp-image-187 aligncenter\" src=\"http:\/\/pierniczymotorniczy.pl\/wp-content\/uploads\/2022\/10\/EJBER-YOUTUBE.jpg\" width=\"117\" height=\"138\"><\/a><\/h3>\n<h4 style=\"text-align: center;\"><strong>Ejber z Bimby &#8211; YouTube<br \/>\n<\/strong><\/h4>\n<hr>\n<h4 style=\"text-align: center;\"><\/h4>\n<h3 class=\"_5pbw _5vra\" style=\"text-align: center;\" data-ft=\"{&quot;tn&quot;:&quot;C&quot;}\"><a href=\"https:\/\/www.facebook.com\/people\/EJBER-Z-BIMBY\/100070606970484\/\"><img loading=\"lazy\" class=\"wp-image-187 aligncenter\" src=\"http:\/\/pierniczymotorniczy.pl\/wp-content\/uploads\/2022\/10\/EJBER-FEJS.jpeg\" alt=\"\" data-id=\"187\" width=\"117\" height=\"138\"><\/a><\/h3>\n<h4 style=\"text-align: center;\"><strong>Ejber z Bimby na fejsie &#8211; Green tram with no secrets<br \/>\n<\/strong><\/h4>\n<hr>\n<h4 style=\"text-align: center;\"><\/h4>\n<h3 class=\"_5pbw _5vra\" style=\"text-align: center;\" data-ft=\"{&quot;tn&quot;:&quot;C&quot;}\"><a href=\"https:\/\/slownakawiarka.wordpress.com\/\"><img loading=\"lazy\" class=\"wp-image-187 aligncenter\" src=\"http:\/\/pierniczymotorniczy.pl\/wp-content\/uploads\/2022\/10\/kawiarka-store1.jpg\" alt=\"\" data-id=\"187\" width=\"117\" height=\"138\"><\/a><\/h3>\n<h4 style=\"text-align: center;\"><strong>Pani Motornicza mo\u017ce kawka po pracy? ZAPRASZAM!<br \/>\n<\/strong><\/h4>\n<hr>\n<h4 style=\"text-align: center;\"><\/h4>\n<h3 class=\"_5pbw _5vra\" style=\"text-align: center;\" data-ft=\"{&quot;tn&quot;:&quot;C&quot;}\"><a href=\"http:\/\/www.mpk.poznan.pl\/\"><img loading=\"lazy\" class=\"wp-image-187 aligncenter\" src=\"http:\/\/pierniczymotorniczy.pl\/wp-content\/uploads\/2017\/12\/MPK-Pozna\u0144--254x300.jpg\" alt=\"\" data-id=\"187\" width=\"117\" height=\"138\" srcset=\"http:\/\/pierniczymotorniczy.pl\/wp-content\/uploads\/2017\/12\/MPK-Pozna\u0144--254x300.jpg 254w, http:\/\/pierniczymotorniczy.pl\/wp-content\/uploads\/2017\/12\/MPK-Pozna\u0144--768x906.jpg 768w, http:\/\/pierniczymotorniczy.pl\/wp-content\/uploads\/2017\/12\/MPK-Pozna\u0144--868x1024.jpg 868w, http:\/\/pierniczymotorniczy.pl\/wp-content\/uploads\/2017\/12\/MPK-Pozna\u0144-.jpg 1066w\" sizes=\"(max-width: 117px) 100vw, 117px\" \/><\/a><\/h3>\n<h4 style=\"text-align: center;\"><strong>MPK Pozna\u0144<br \/>\n<\/strong><\/h4>\n<hr>\n<p><a href=\"http:\/\/orkiestrampk.poznan.pl\/\"><img loading=\"lazy\" class=\" wp-image-189 aligncenter\" src=\"http:\/\/pierniczymotorniczy.pl\/wp-content\/uploads\/2019\/02\/orkiestra_logo_150_dark.png\" alt=\"\" data-id=\"189\" width=\"111\" height=\"111\"><\/a><\/p>\n<h4 style=\"text-align: center;\"><strong>ORKIESTRA MIASTA POZNANIA PRZY MPK POZNA\u0143<\/strong><\/h4>\n<hr>\n<p><a href=\"https:\/\/pl-pl.facebook.com\/mpkpoznan\/\"><img loading=\"lazy\" class=\" wp-image-189 aligncenter\" src=\"http:\/\/pierniczymotorniczy.pl\/wp-content\/uploads\/2017\/12\/unnamed.png\" alt=\"\" data-id=\"189\" width=\"111\" height=\"111\" srcset=\"http:\/\/pierniczymotorniczy.pl\/wp-content\/uploads\/2017\/12\/unnamed.png 170w, http:\/\/pierniczymotorniczy.pl\/wp-content\/uploads\/2017\/12\/unnamed-150x150.png 150w, http:\/\/pierniczymotorniczy.pl\/wp-content\/uploads\/2017\/12\/unnamed-90x90.png 90w\" sizes=\"(max-width: 111px) 100vw, 111px\" \/><\/a><\/p>\n<h4 style=\"text-align: center;\"><strong>FB MPK<\/strong><\/h4>\n<hr>\n<p><a href=\"http:\/\/mateuszbuduje.pl\/\/\"><img loading=\"lazy\" class=\"size-medium wp-image-185 aligncenter\" src=\"http:\/\/pierniczymotorniczy.pl\/wp-content\/uploads\/2018\/02\/mateusz.jpg\" alt=\"\" data-id=\"185\" width=\"160\" height=\"56\"><\/a><\/p>\n<h4 style=\"text-align: center;\"><strong>MATEUSZ WAWROWSKI-LEGO MAN Z MPK<\/strong><\/h4>\n<hr>\n<p><a href=\"http:\/\/www.kmps.org.pl\/\"><img loading=\"lazy\" class=\"size-medium wp-image-185 aligncenter\" src=\"http:\/\/pierniczymotorniczy.pl\/wp-content\/uploads\/2017\/12\/logo_jasne-300x56.png\" alt=\"\" data-id=\"185\" width=\"300\" height=\"56\" srcset=\"http:\/\/pierniczymotorniczy.pl\/wp-content\/uploads\/2017\/12\/logo_jasne-300x56.png 300w, http:\/\/pierniczymotorniczy.pl\/wp-content\/uploads\/2017\/12\/logo_jasne.png 436w\" sizes=\"(max-width: 300px) 100vw, 300px\" \/><\/a><\/p>\n<h4 style=\"text-align: center;\"><strong>MI\u0141O\u015aNICY<\/strong><\/h4>\n<hr>\n<p><a href=\"https:\/\/pl-pl.facebook.com\/Spotted-MPK-Pozna%C5%84-332551400182715\/\"><img loading=\"lazy\" class=\" wp-image-189 aligncenter\" src=\"http:\/\/pierniczymotorniczy.pl\/wp-content\/uploads\/2017\/12\/unnamed.png\" alt=\"\" data-id=\"189\" width=\"109\" height=\"109\" srcset=\"http:\/\/pierniczymotorniczy.pl\/wp-content\/uploads\/2017\/12\/unnamed.png 170w, http:\/\/pierniczymotorniczy.pl\/wp-content\/uploads\/2017\/12\/unnamed-150x150.png 150w, http:\/\/pierniczymotorniczy.pl\/wp-content\/uploads\/2017\/12\/unnamed-90x90.png 90w\" sizes=\"(max-width: 109px) 100vw, 109px\" \/><\/a><\/p>\n<p style=\"text-align: center;\"><strong>SPOTTED MPK<\/strong><\/p>\n<hr>\n<p><a href=\"http:\/\/fotozajezdnia.pl\/categories.php?cat_id=40&amp;sessionid=f111e068e6523d6ff1659731838fa84b\"><img loading=\"lazy\" class=\"size-full wp-image-188 aligncenter\" src=\"http:\/\/pierniczymotorniczy.pl\/wp-content\/uploads\/2017\/12\/foto-zajezdnia.jpg\" alt=\"\" data-id=\"188\" width=\"128\" height=\"97\"><\/a><\/p>\n<p style=\"text-align: center;\"><strong>KOMUNIKACJA W POLSCE<\/strong><\/p>\n<hr>\n<p><a href=\"https:\/\/www.facebook.com\/n.owsianowska.fotografia\/?__xts__[0]=68.ARDzFQ-8e8MzcTpNdqQ4jZ3RitW8FToT8dEXhF3RJOFLqV9ijrfFmgrrf-rO9nHkAOZ-kP3RSVBW80h3z6VBcLnzoNmezSkg46h-ecC3nw-H3cPeBaUiMvtKD47kn7s6lC5lf-YB_G5s1nxQULhUYovqQqiEF6q6nMoKRuWZB_EkR8E0Cu35XvK7IuafFbYhVSz_HcvkKunCX0tTcN-lOTEGVwsebC0O4Conqc48AwqK3_M0KmnV9-sNOjclyvGNr5AVjQNJPu8tAIXlStwDVAH6zdViQi2IDoRjkXATQFZ7Pz683U58lZ-O69RMknmaG8RvtO1t-USYksA\"><img loading=\"lazy\" class=\"size-full wp-image-188 aligncenter\" src=\"http:\/\/pierniczymotorniczy.pl\/wp-content\/uploads\/2019\/02\/logo-n.owsianowska.png\" alt=\"\" data-id=\"188\" width=\"128\" height=\"97\"><\/a><\/p>\n<p style=\"text-align: center;\"><strong>NATALIA OWSIANOWSKA<\/strong><\/p>\n<hr>\n<p><a href=\"https:\/\/www.miastopoznaj.pl\/lista-blogerow\/136?limitstart=0\"><img loading=\"lazy\" class=\"aligncenter size-full wp-image-254\" src=\"http:\/\/pierniczymotorniczy.pl\/wp-content\/uploads\/2018\/01\/image_b_111_111.jpg\" alt=\"\" data-id=\"254\" width=\"111\" height=\"111\" srcset=\"http:\/\/pierniczymotorniczy.pl\/wp-content\/uploads\/2018\/01\/image_b_111_111.jpg 111w, http:\/\/pierniczymotorniczy.pl\/wp-content\/uploads\/2018\/01\/image_b_111_111-90x90.jpg 90w\" sizes=\"(max-width: 111px) 100vw, 111px\" \/><\/a><\/p>\n<p style=\"text-align: center;\"><strong>KRZYSZTOF BARTOSIAK<\/strong><\/p>\n<hr>\n<p><a href=\"https:\/\/www.spmmaltanka.dbv.pl\/news.php\"><img loading=\"lazy\" class=\"aligncenter size-full wp-image-254\" src=\"http:\/\/pierniczymotorniczy.pl\/wp-content\/uploads\/2018\/01\/sympatycy-pm.jpg\" alt=\"\" data-id=\"254\" width=\"111\" height=\"111\"><\/a><\/p>\n<p style=\"text-align: center;\"><strong>SYMPATYCY POZNA\u0143SKIEJ MALTANKI<\/strong><\/p>\n<hr>\n<p><a href=\"https:\/\/fototramwaj.wordpress.com\/\"><img loading=\"lazy\" class=\"aligncenter size-full wp-image-254\" src=\"http:\/\/pierniczymotorniczy.pl\/wp-content\/uploads\/2018\/04\/poznan_gt8_-wyszynskiego.jpg\" alt=\"\" data-id=\"254\" width=\"111\" height=\"111\"><\/a><\/p>\n<p style=\"text-align: center;\"><strong>FOTOTRAMWAJ-BLOG O FOTOGRAFII KOMUNIKACYJNEJ<\/strong><\/p>\n<hr>\n<p><a href=\"http:\/\/komunikacja.kzkgop.com.pl\/\"><img loading=\"lazy\" class=\"aligncenter size-full wp-image-254\" src=\"http:\/\/pierniczymotorniczy.pl\/wp-content\/uploads\/2018\/04\/okladka-KP-3_list_site_article.jpg\" alt=\"\" data-id=\"254\" width=\"111\" height=\"111\"><\/a><\/p>\n<p style=\"text-align: center;\"><strong>KWARTALNIK-KOMUNIKACJA PUBLICZNA<\/strong><\/p>\n<hr>\n<p><a href=\"http:\/\/sztukakomunikacji.uap.edu.pl\/\"><img loading=\"lazy\" class=\"wp-image-209 aligncenter\" src=\"http:\/\/pierniczymotorniczy.pl\/wp-content\/uploads\/2017\/12\/sztuka-komunikacji-logo-300x300.png\" alt=\"\" data-id=\"209\" width=\"133\" height=\"133\" srcset=\"http:\/\/pierniczymotorniczy.pl\/wp-content\/uploads\/2017\/12\/sztuka-komunikacji-logo-300x300.png 300w, http:\/\/pierniczymotorniczy.pl\/wp-content\/uploads\/2017\/12\/sztuka-komunikacji-logo-150x150.png 150w, http:\/\/pierniczymotorniczy.pl\/wp-content\/uploads\/2017\/12\/sztuka-komunikacji-logo-90x90.png 90w, http:\/\/pierniczymotorniczy.pl\/wp-content\/uploads\/2017\/12\/sztuka-komunikacji-logo-400x400.png 400w, http:\/\/pierniczymotorniczy.pl\/wp-content\/uploads\/2017\/12\/sztuka-komunikacji-logo.png 550w\" sizes=\"(max-width: 133px) 100vw, 133px\" \/><\/a><\/p>\n<p style=\"text-align: center;\"><strong>SZTUKA KOMUNIKACJI<\/strong><\/p>\n<hr>\n<h1 class=\"title style-scope ytd-video-primary-info-renderer\" style=\"text-align: center;\"><span style=\"color: #48902d;\">Dzie\u0144 dobry. Ruszamy! (cz\u0119\u015b\u0107 1)<\/span><\/h1>\n<p style=\"padding-left: 120px;\"><iframe loading=\"lazy\" src=\"https:\/\/www.youtube.com\/embed\/_5hh9vbAoPQ\" allowfullscreen=\"allowfullscreen\" width=\"560\" height=\"315\" frameborder=\"0\"><\/iframe><\/p>\n<hr>\n<h1 class=\"title style-scope ytd-video-primary-info-renderer\" style=\"text-align: center;\"><span style=\"color: #48902d;\">Dzie\u0144 dobry. Ruszamy! (cz\u0119\u015b\u0107 2)<\/span><\/h1>\n<p style=\"padding-left: 120px;\"><iframe loading=\"lazy\" src=\"https:\/\/www.youtube.com\/embed\/WHAo8tb2pBE\" allowfullscreen=\"allowfullscreen\" width=\"560\" height=\"315\" frameborder=\"0\"><\/iframe><\/p>\n<hr>\n<h1 class=\"title style-scope ytd-video-primary-info-renderer\" style=\"text-align: center;\"><span style=\"color: #48902d;\">Dzie\u0144 dobry. Ruszamy! (cz\u0119\u015b\u0107 3)<\/span><\/h1>\n<p style=\"padding-left: 120px;\"><iframe loading=\"lazy\" src=\"https:\/\/www.youtube.com\/embed\/K75DHg903vg\" allowfullscreen=\"allowfullscreen\" width=\"560\" height=\"315\" frameborder=\"0\"><\/iframe><\/p>\n<hr>\n<h1 class=\"title style-scope ytd-video-primary-info-renderer\" style=\"text-align: center;\"><span style=\"color: #48902d;\">Dzie\u0144 dobry. Ruszamy! (cz\u0119\u015b\u0107 4)<\/span><\/h1>\n<p style=\"padding-left: 120px;\"><iframe loading=\"lazy\" src=\"https:\/\/www.youtube.com\/embed\/Wz1DO0jREnc\" allowfullscreen=\"allowfullscreen\" width=\"560\" height=\"315\" frameborder=\"0\"><\/iframe><\/p>\n<hr>\n<h1 class=\"title style-scope ytd-video-primary-info-renderer\" style=\"text-align: center;\"><span style=\"color: #48902d;\">Zosta\u0144 jednym z nas!<\/span><\/h1>\n<p style=\"padding-left: 120px;\"><iframe loading=\"lazy\" src=\"https:\/\/www.youtube.com\/embed\/kwAtCgDwjXw\" allowfullscreen=\"allowfullscreen\" width=\"560\" height=\"315\" frameborder=\"0\"><\/iframe><\/p>\n<hr>\n<h1 class=\"title style-scope ytd-video-primary-info-renderer\" style=\"text-align: center;\"><span style=\"color: #48902d;\">Rekrutacja w interpretacji Piotra \u017boka &#8220;Sebix&#8221; &#8211; TA\u015aMY PRAWDY \ud83d\ude09<\/span><\/h1>\n<p style=\"padding-left: 120px;\"><iframe loading=\"lazy\" src=\"https:\/\/www.youtube.com\/embed\/0EWASJ6AcZQ\" allowfullscreen=\"allowfullscreen\" width=\"560\" height=\"315\" frameborder=\"0\"><\/iframe><\/p>\n<hr>\n<h1 class=\"title style-scope ytd-video-primary-info-renderer\" style=\"text-align: center;\"><span style=\"color: #48902d;\">OD\u0141\u00d3\u017b SMARTFON I \u017bYJ!-kampania edukacyjna Warszawskich Tramwaj\u00f3w<\/span><\/h1>\n<p style=\"padding-left: 120px;\"><iframe loading=\"lazy\" src=\"https:\/\/www.youtube.com\/embed\/7JWQ1hu5Mkk\" allowfullscreen=\"allowfullscreen\" width=\"560\" height=\"315\" frameborder=\"0\"><\/iframe><\/p>\n<hr>\n<h1 class=\"title style-scope ytd-video-primary-info-renderer\" style=\"text-align: center;\"><span style=\"color: #48902d;\">Tak w\u0142a\u015bnie to czuj\u0119&#8230;<\/span><\/h1>\n<p style=\"padding-left: 120px;\"><iframe loading=\"lazy\" src=\"https:\/\/www.youtube.com\/embed\/ym5AQ5DfuU4\" allowfullscreen=\"allowfullscreen\" width=\"560\" height=\"315\" frameborder=\"0\"><\/iframe><\/p>\n<hr>\n<h1 class=\"title style-scope ytd-video-primary-info-renderer\" style=\"text-align: center;\"><span style=\"color: #48902d;\">&#8230;a gdy zaczn\u0105 m\u00f3wi\u0107, \u017ce jeste\u015b wielki&#8230;<\/span><\/h1>\n<p style=\"padding-left: 120px;\"><iframe loading=\"lazy\" src=\"https:\/\/www.youtube.com\/embed\/fDEcNdNX9X0\" allowfullscreen=\"allowfullscreen\" width=\"560\" height=\"315\" frameborder=\"0\"><\/iframe><\/p>\n<hr>\n<h1 class=\"title style-scope ytd-video-primary-info-renderer\" style=\"text-align: center;\"><span style=\"color: #48902d;\">&#8230;wyluzuj, bo pewnie kto\u015b k\u0142amie ;-)&#8230;<\/span><\/h1>\n<p style=\"padding-left: 120px;\"><iframe loading=\"lazy\" src=\"https:\/\/www.youtube.com\/embed\/AqBLYbPD15Q\" allowfullscreen=\"allowfullscreen\" width=\"560\" height=\"315\" frameborder=\"0\"><\/iframe><\/p>\n<hr>\n<h1 class=\"title style-scope ytd-video-primary-info-renderer\" style=\"text-align: center;\"><span style=\"color: #48902d;\">&#8230;pami\u0119\u0107 i szacunek o dawnych bohaterach&#8230;<\/span><\/h1>\n<p style=\"padding-left: 120px;\"><iframe loading=\"lazy\" src=\"https:\/\/www.youtube.com\/embed\/v0NAXRuc7Jg\" allowfullscreen=\"allowfullscreen\" width=\"560\" height=\"315\" frameborder=\"0\"><\/iframe><\/p>\n<hr>\n<h1 class=\"title style-scope ytd-video-primary-info-renderer\" style=\"text-align: center;\"><span style=\"color: #48902d;\">&#8230;gdy czujesz, \u017ce \u017cyjesz w w\u0142asnej przestrzeni&#8230;<\/span><\/h1>\n<p style=\"padding-left: 120px;\"><iframe loading=\"lazy\" src=\"https:\/\/www.youtube.com\/embed\/lqbFWLKjlP4\" allowfullscreen=\"allowfullscreen\" width=\"560\" height=\"315\" frameborder=\"0\"><\/iframe><\/p>\n<hr>\n<h1 class=\"title style-scope ytd-video-primary-info-renderer\" style=\"text-align: center;\"><span style=\"color: #48902d;\">&#8230;nie zapominaj sk\u0105d pochodzisz&#8230;<\/span><\/h1>\n<p style=\"padding-left: 120px;\"><iframe loading=\"lazy\" src=\"https:\/\/www.youtube.com\/embed\/SmFf_UEA0vo?rel=0\" allowfullscreen=\"allowfullscreen\" width=\"560\" height=\"315\" frameborder=\"0\"><\/iframe><\/p>\n","protected":false},"excerpt":{"rendered":"<p>Polecane strony: Ejber z Bimby &#8211; YouTube Ejber z Bimby na fejsie &#8211; Green tram with no secrets Pani Motornicza mo\u017ce kawka po pracy? ZAPRASZAM! MPK Pozna\u0144 ORKIESTRA MIASTA POZNANIA PRZY MPK POZNA\u0143 FB MPK MATEUSZ WAWROWSKI-LEGO MAN Z MPK MI\u0141O\u015aNICY SPOTTED MPK KOMUNIKACJA W POLSCE NATALIA OWSIANOWSKA KRZYSZTOF BARTOSIAK SYMPATYCY POZNA\u0143SKIEJ MALTANKI FOTOTRAMWAJ-BLOG O [&hellip;]<\/p>\n","protected":false},"author":1,"featured_media":0,"parent":0,"menu_order":0,"comment_status":"closed","ping_status":"closed","template":"","meta":[],"yoast_head":"<!-- This site is optimized with the Yoast SEO plugin v17.1 - https:\/\/yoast.com\/wordpress\/plugins\/seo\/ -->\n<title>Polecane &#8902; Pierniczy Motorniczy<\/title>\n<meta name=\"robots\" content=\"index, follow, max-snippet:-1, max-image-preview:large, max-video-preview:-1\" \/>\n<link rel=\"canonical\" href=\"http:\/\/pierniczymotorniczy.pl\/?page_id=153\" \/>\n<meta property=\"og:locale\" content=\"pl_PL\" \/>\n<meta property=\"og:type\" content=\"article\" \/>\n<meta property=\"og:title\" content=\"Polecane &#8902; Pierniczy Motorniczy\" \/>\n<meta property=\"og:description\" content=\"Polecane strony: Ejber z Bimby &#8211; YouTube Ejber z Bimby na fejsie &#8211; Green tram with no secrets Pani Motornicza mo\u017ce kawka po pracy? ZAPRASZAM! MPK Pozna\u0144 ORKIESTRA MIASTA POZNANIA PRZY MPK POZNA\u0143 FB MPK MATEUSZ WAWROWSKI-LEGO MAN Z MPK MI\u0141O\u015aNICY SPOTTED MPK KOMUNIKACJA W POLSCE NATALIA OWSIANOWSKA KRZYSZTOF BARTOSIAK SYMPATYCY POZNA\u0143SKIEJ MALTANKI FOTOTRAMWAJ-BLOG O [&hellip;]\" \/>\n<meta property=\"og:url\" content=\"http:\/\/pierniczymotorniczy.pl\/?page_id=153\" \/>\n<meta property=\"og:site_name\" content=\"Pierniczy Motorniczy\" \/>\n<meta property=\"article:modified_time\" content=\"2022-10-15T07:23:23+00:00\" \/>\n<meta property=\"og:image\" content=\"http:\/\/pierniczymotorniczy.pl\/wp-content\/uploads\/2022\/10\/EJBER-YOUTUBE.jpg\" \/>\n<meta name=\"twitter:card\" content=\"summary_large_image\" \/>\n<meta name=\"twitter:label1\" content=\"Szacowany czas czytania\" \/>\n\t<meta name=\"twitter:data1\" content=\"4 minuty\" \/>\n<script type=\"application\/ld+json\" class=\"yoast-schema-graph\">{\"@context\":\"https:\/\/schema.org\",\"@graph\":[{\"@type\":[\"Person\",\"Organization\"],\"@id\":\"http:\/\/pierniczymotorniczy.pl\/#\/schema\/person\/e9a68e280697e563905c75e1a24e5049\",\"name\":\"Krzysztof \\u017bukiewicz\",\"image\":{\"@type\":\"ImageObject\",\"@id\":\"http:\/\/pierniczymotorniczy.pl\/#personlogo\",\"inLanguage\":\"pl-PL\",\"url\":\"http:\/\/pierniczymotorniczy.pl\/wp-content\/uploads\/2018\/01\/podczas-pisania-na-galowo-150x150.jpg\",\"contentUrl\":\"http:\/\/pierniczymotorniczy.pl\/wp-content\/uploads\/2018\/01\/podczas-pisania-na-galowo-150x150.jpg\",\"caption\":\"Krzysztof \\u017bukiewicz\"},\"logo\":{\"@id\":\"http:\/\/pierniczymotorniczy.pl\/#personlogo\"},\"description\":\"Cze\\u015b\\u0107. Nazywam si\\u0119 Krzysztof \\u017bukiewicz. Mieszkam i pracuj\\u0119 w Poznaniu. Skoro trafi\\u0142e\\u015b na tego bloga to nieprzypadkowo. Lubisz tramwaje?....\",\"sameAs\":[\"http:\/\/pierniczymotorniczy.pl\"]},{\"@type\":\"WebSite\",\"@id\":\"http:\/\/pierniczymotorniczy.pl\/#website\",\"url\":\"http:\/\/pierniczymotorniczy.pl\/\",\"name\":\"Pierniczy Motorniczy\",\"description\":\"Pierniczy Motorniczy\",\"publisher\":{\"@id\":\"http:\/\/pierniczymotorniczy.pl\/#\/schema\/person\/e9a68e280697e563905c75e1a24e5049\"},\"potentialAction\":[{\"@type\":\"SearchAction\",\"target\":{\"@type\":\"EntryPoint\",\"urlTemplate\":\"http:\/\/pierniczymotorniczy.pl\/?s={search_term_string}\"},\"query-input\":\"required name=search_term_string\"}],\"inLanguage\":\"pl-PL\"},{\"@type\":\"ImageObject\",\"@id\":\"http:\/\/pierniczymotorniczy.pl\/?page_id=153#primaryimage\",\"inLanguage\":\"pl-PL\",\"url\":\"http:\/\/pierniczymotorniczy.pl\/wp-content\/uploads\/2022\/10\/EJBER-YOUTUBE.jpg\",\"contentUrl\":\"http:\/\/pierniczymotorniczy.pl\/wp-content\/uploads\/2022\/10\/EJBER-YOUTUBE.jpg\",\"width\":974,\"height\":974},{\"@type\":\"WebPage\",\"@id\":\"http:\/\/pierniczymotorniczy.pl\/?page_id=153#webpage\",\"url\":\"http:\/\/pierniczymotorniczy.pl\/?page_id=153\",\"name\":\"Polecane &#8902; Pierniczy Motorniczy\",\"isPartOf\":{\"@id\":\"http:\/\/pierniczymotorniczy.pl\/#website\"},\"primaryImageOfPage\":{\"@id\":\"http:\/\/pierniczymotorniczy.pl\/?page_id=153#primaryimage\"},\"datePublished\":\"2017-12-28T16:20:03+00:00\",\"dateModified\":\"2022-10-15T07:23:23+00:00\",\"breadcrumb\":{\"@id\":\"http:\/\/pierniczymotorniczy.pl\/?page_id=153#breadcrumb\"},\"inLanguage\":\"pl-PL\",\"potentialAction\":[{\"@type\":\"ReadAction\",\"target\":[\"http:\/\/pierniczymotorniczy.pl\/?page_id=153\"]}]},{\"@type\":\"BreadcrumbList\",\"@id\":\"http:\/\/pierniczymotorniczy.pl\/?page_id=153#breadcrumb\",\"itemListElement\":[{\"@type\":\"ListItem\",\"position\":1,\"name\":\"Strona g\\u0142\\u00f3wna\",\"item\":\"http:\/\/pierniczymotorniczy.pl\/\"},{\"@type\":\"ListItem\",\"position\":2,\"name\":\"Polecane\"}]}]}<\/script>\n<!-- \/ Yoast SEO plugin. -->","yoast_head_json":{"title":"Polecane &#8902; Pierniczy Motorniczy","robots":{"index":"index","follow":"follow","max-snippet":"max-snippet:-1","max-image-preview":"max-image-preview:large","max-video-preview":"max-video-preview:-1"},"canonical":"http:\/\/pierniczymotorniczy.pl\/?page_id=153","og_locale":"pl_PL","og_type":"article","og_title":"Polecane &#8902; Pierniczy Motorniczy","og_description":"Polecane strony: Ejber z Bimby &#8211; YouTube Ejber z Bimby na fejsie &#8211; Green tram with no secrets Pani Motornicza mo\u017ce kawka po pracy? ZAPRASZAM! MPK Pozna\u0144 ORKIESTRA MIASTA POZNANIA PRZY MPK POZNA\u0143 FB MPK MATEUSZ WAWROWSKI-LEGO MAN Z MPK MI\u0141O\u015aNICY SPOTTED MPK KOMUNIKACJA W POLSCE NATALIA OWSIANOWSKA KRZYSZTOF BARTOSIAK SYMPATYCY POZNA\u0143SKIEJ MALTANKI FOTOTRAMWAJ-BLOG O [&hellip;]","og_url":"http:\/\/pierniczymotorniczy.pl\/?page_id=153","og_site_name":"Pierniczy Motorniczy","article_modified_time":"2022-10-15T07:23:23+00:00","og_image":[{"url":"http:\/\/pierniczymotorniczy.pl\/wp-content\/uploads\/2022\/10\/EJBER-YOUTUBE.jpg"}],"twitter_card":"summary_large_image","twitter_misc":{"Szacowany czas czytania":"4 minuty"},"schema":{"@context":"https:\/\/schema.org","@graph":[{"@type":["Person","Organization"],"@id":"http:\/\/pierniczymotorniczy.pl\/#\/schema\/person\/e9a68e280697e563905c75e1a24e5049","name":"Krzysztof \u017bukiewicz","image":{"@type":"ImageObject","@id":"http:\/\/pierniczymotorniczy.pl\/#personlogo","inLanguage":"pl-PL","url":"http:\/\/pierniczymotorniczy.pl\/wp-content\/uploads\/2018\/01\/podczas-pisania-na-galowo-150x150.jpg","contentUrl":"http:\/\/pierniczymotorniczy.pl\/wp-content\/uploads\/2018\/01\/podczas-pisania-na-galowo-150x150.jpg","caption":"Krzysztof \u017bukiewicz"},"logo":{"@id":"http:\/\/pierniczymotorniczy.pl\/#personlogo"},"description":"Cze\u015b\u0107. Nazywam si\u0119 Krzysztof \u017bukiewicz. Mieszkam i pracuj\u0119 w Poznaniu. Skoro trafi\u0142e\u015b na tego bloga to nieprzypadkowo. Lubisz tramwaje?....","sameAs":["http:\/\/pierniczymotorniczy.pl"]},{"@type":"WebSite","@id":"http:\/\/pierniczymotorniczy.pl\/#website","url":"http:\/\/pierniczymotorniczy.pl\/","name":"Pierniczy Motorniczy","description":"Pierniczy Motorniczy","publisher":{"@id":"http:\/\/pierniczymotorniczy.pl\/#\/schema\/person\/e9a68e280697e563905c75e1a24e5049"},"potentialAction":[{"@type":"SearchAction","target":{"@type":"EntryPoint","urlTemplate":"http:\/\/pierniczymotorniczy.pl\/?s={search_term_string}"},"query-input":"required name=search_term_string"}],"inLanguage":"pl-PL"},{"@type":"ImageObject","@id":"http:\/\/pierniczymotorniczy.pl\/?page_id=153#primaryimage","inLanguage":"pl-PL","url":"http:\/\/pierniczymotorniczy.pl\/wp-content\/uploads\/2022\/10\/EJBER-YOUTUBE.jpg","contentUrl":"http:\/\/pierniczymotorniczy.pl\/wp-content\/uploads\/2022\/10\/EJBER-YOUTUBE.jpg","width":974,"height":974},{"@type":"WebPage","@id":"http:\/\/pierniczymotorniczy.pl\/?page_id=153#webpage","url":"http:\/\/pierniczymotorniczy.pl\/?page_id=153","name":"Polecane &#8902; Pierniczy Motorniczy","isPartOf":{"@id":"http:\/\/pierniczymotorniczy.pl\/#website"},"primaryImageOfPage":{"@id":"http:\/\/pierniczymotorniczy.pl\/?page_id=153#primaryimage"},"datePublished":"2017-12-28T16:20:03+00:00","dateModified":"2022-10-15T07:23:23+00:00","breadcrumb":{"@id":"http:\/\/pierniczymotorniczy.pl\/?page_id=153#breadcrumb"},"inLanguage":"pl-PL","potentialAction":[{"@type":"ReadAction","target":["http:\/\/pierniczymotorniczy.pl\/?page_id=153"]}]},{"@type":"BreadcrumbList","@id":"http:\/\/pierniczymotorniczy.pl\/?page_id=153#breadcrumb","itemListElement":[{"@type":"ListItem","position":1,"name":"Strona g\u0142\u00f3wna","item":"http:\/\/pierniczymotorniczy.pl\/"},{"@type":"ListItem","position":2,"name":"Polecane"}]}]}},"post_mailing_queue_ids":[],"_links":{"self":[{"href":"http:\/\/pierniczymotorniczy.pl\/index.php?rest_route=\/wp\/v2\/pages\/153"}],"collection":[{"href":"http:\/\/pierniczymotorniczy.pl\/index.php?rest_route=\/wp\/v2\/pages"}],"about":[{"href":"http:\/\/pierniczymotorniczy.pl\/index.php?rest_route=\/wp\/v2\/types\/page"}],"author":[{"embeddable":true,"href":"http:\/\/pierniczymotorniczy.pl\/index.php?rest_route=\/wp\/v2\/users\/1"}],"replies":[{"embeddable":true,"href":"http:\/\/pierniczymotorniczy.pl\/index.php?rest_route=%2Fwp%2Fv2%2Fcomments&post=153"}],"version-history":[{"count":86,"href":"http:\/\/pierniczymotorniczy.pl\/index.php?rest_route=\/wp\/v2\/pages\/153\/revisions"}],"predecessor-version":[{"id":6510,"href":"http:\/\/pierniczymotorniczy.pl\/index.php?rest_route=\/wp\/v2\/pages\/153\/revisions\/6510"}],"wp:attachment":[{"href":"http:\/\/pierniczymotorniczy.pl\/index.php?rest_route=%2Fwp%2Fv2%2Fmedia&parent=153"}],"curies":[{"name":"wp","href":"https:\/\/api.w.org\/{rel}","templated":true}]}}