{"id":20,"date":"2017-12-27T01:33:39","date_gmt":"2017-12-27T00:33:39","guid":{"rendered":"http:\/\/pierniczymotorniczy.pl\/?page_id=20"},"modified":"2018-02-13T22:21:54","modified_gmt":"2018-02-13T21:21:54","slug":"o-mnie","status":"publish","type":"page","link":"http:\/\/pierniczymotorniczy.pl\/?page_id=20","title":{"rendered":"O mnie"},"content":{"rendered":"<p class=\"Standard\" style=\"padding-left: 30px;\"><strong><img loading=\"lazy\" class=\"size-medium wp-image-13 alignleft\" src=\"http:\/\/pierniczymotorniczy.pl\/wp-content\/uploads\/2017\/12\/krzysztof-zukiewicz-300x225.jpg\" alt=\"\" width=\"300\" height=\"225\" data-id=\"13\" srcset=\"http:\/\/pierniczymotorniczy.pl\/wp-content\/uploads\/2017\/12\/krzysztof-zukiewicz-300x225.jpg 300w, http:\/\/pierniczymotorniczy.pl\/wp-content\/uploads\/2017\/12\/krzysztof-zukiewicz-768x576.jpg 768w, http:\/\/pierniczymotorniczy.pl\/wp-content\/uploads\/2017\/12\/krzysztof-zukiewicz.bmp 800w\" sizes=\"(max-width: 300px) 100vw, 300px\" \/>Cze\u015b\u0107.<\/strong><\/p>\n<p class=\"Standard\" style=\"padding-left: 30px;\">Nazywam si\u0119 Krzysztof \u017bukiewicz. Mieszkam i pracuj\u0119 w Poznaniu.<br \/>\nSkoro trafi\u0142e\u015b na tego bloga to nieprzypadkowo. Lubisz tramwaje?<br \/>\nJa tak\u017ce si\u0119 z nimi zaprzyja\u017ani\u0142em, mam nadziej\u0119 \u017ce na d\u0142u\u017cej \ud83d\ude42 .<br \/>\nJako MOTORNICZY musz\u0119 gdzie\u015b odreagowa\u0107, dlatego przelewam nadmiar emocji na papier.<br \/>\nBy\u0107 mo\u017ce czytaj\u0105c, inni si\u0119 u\u015bmiechn\u0105 w wolnych chwilach od pracy, bo za sterem to ju\u017c nam tak wcale nie do \u015bmiechu&#8230;Gdy to mi nie pomaga, nie wystarcza, to wyskakuje z &#8220;mpkowskiego stroju&#8221; i biegn\u0119 niczym Tom Hanks z kultowego filmu Forrest Gump\u00a0 ;-). Wysi\u0142ek a w zamian pozytywne endorfiny to najlepsza odtrutka dla ka\u017cdej stresogennej dziedziny pracy do kt\u00f3rej prowadzenie pojazdu szynowego na pewno si\u0119 zalicza.<\/p>\n<p style=\"padding-left: 30px;\"><strong>Jaki jest cel tego bloga?<\/strong><\/p>\n<p style=\"padding-left: 30px;\">Przybli\u017cy\u0107 mo\u017cliwie przyst\u0119pnie, bez zb\u0119dnej napinki i w r\u00f3\u017cnych &#8220;odcieniach&#8221; charakter naszej pracy.<br \/>\n&#8220;Efektem ubocznym&#8221; bloga jest pokazanie, \u017ce jeste\u015bmy normalnymi lud\u017ami i jak wszyscy idziemy do pracy, a nast\u0119pnie pragniemy tak\u017ce wr\u00f3ci\u0107 do swoich dom\u00f3w u\u015bmiechni\u0119ci jak wi\u0119kszo\u015b\u0107 przez nas przewo\u017conych pasa\u017cer\u00f3w \ud83d\ude00 .<br \/>\nPrzeczytaj chocia\u017c jeden z tych &#8220;wyduma\u0144&#8221;. Je\u017celi nawet warga lub brew Tobie nie drgnie,<br \/>\nto szkoda czasu na czytanie kolejnych \ud83d\ude09<\/p>\n","protected":false},"excerpt":{"rendered":"<p>Cze\u015b\u0107. Nazywam si\u0119 Krzysztof \u017bukiewicz. Mieszkam i pracuj\u0119 w Poznaniu. Skoro trafi\u0142e\u015b na tego bloga to nieprzypadkowo. Lubisz tramwaje? Ja tak\u017ce si\u0119 z nimi zaprzyja\u017ani\u0142em, mam nadziej\u0119 \u017ce na d\u0142u\u017cej \ud83d\ude42 . Jako MOTORNICZY musz\u0119 gdzie\u015b odreagowa\u0107, dlatego przelewam nadmiar emocji na papier. By\u0107 mo\u017ce czytaj\u0105c, inni si\u0119 u\u015bmiechn\u0105 w wolnych chwilach od pracy, bo [&hellip;]<\/p>\n","protected":false},"author":1,"featured_media":13,"parent":0,"menu_order":0,"comment_status":"closed","ping_status":"closed","template":"","meta":[],"yoast_head":"<!-- This site is optimized with the Yoast SEO plugin v17.1 - https:\/\/yoast.com\/wordpress\/plugins\/seo\/ -->\n<title>O mnie &#8902; Pierniczy Motorniczy<\/title>\n<meta name=\"robots\" content=\"index, follow, max-snippet:-1, max-image-preview:large, max-video-preview:-1\" \/>\n<link rel=\"canonical\" href=\"http:\/\/pierniczymotorniczy.pl\/?page_id=20\" \/>\n<meta property=\"og:locale\" content=\"pl_PL\" \/>\n<meta property=\"og:type\" content=\"article\" \/>\n<meta property=\"og:title\" content=\"O mnie &#8902; Pierniczy Motorniczy\" \/>\n<meta property=\"og:description\" content=\"Cze\u015b\u0107. Nazywam si\u0119 Krzysztof \u017bukiewicz. Mieszkam i pracuj\u0119 w Poznaniu. Skoro trafi\u0142e\u015b na tego bloga to nieprzypadkowo. Lubisz tramwaje? Ja tak\u017ce si\u0119 z nimi zaprzyja\u017ani\u0142em, mam nadziej\u0119 \u017ce na d\u0142u\u017cej \ud83d\ude42 . Jako MOTORNICZY musz\u0119 gdzie\u015b odreagowa\u0107, dlatego przelewam nadmiar emocji na papier. By\u0107 mo\u017ce czytaj\u0105c, inni si\u0119 u\u015bmiechn\u0105 w wolnych chwilach od pracy, bo [&hellip;]\" \/>\n<meta property=\"og:url\" content=\"http:\/\/pierniczymotorniczy.pl\/?page_id=20\" \/>\n<meta property=\"og:site_name\" content=\"Pierniczy Motorniczy\" \/>\n<meta property=\"article:modified_time\" content=\"2018-02-13T21:21:54+00:00\" \/>\n<meta name=\"twitter:card\" content=\"summary_large_image\" \/>\n<meta name=\"twitter:image\" content=\"http:\/\/pierniczymotorniczy.pl\/wp-content\/uploads\/2017\/12\/krzysztof-zukiewicz.bmp\" \/>\n<meta name=\"twitter:label1\" content=\"Szacowany czas czytania\" \/>\n\t<meta name=\"twitter:data1\" content=\"1 minuta\" \/>\n<script type=\"application\/ld+json\" class=\"yoast-schema-graph\">{\"@context\":\"https:\/\/schema.org\",\"@graph\":[{\"@type\":[\"Person\",\"Organization\"],\"@id\":\"http:\/\/pierniczymotorniczy.pl\/#\/schema\/person\/e9a68e280697e563905c75e1a24e5049\",\"name\":\"Krzysztof \\u017bukiewicz\",\"image\":{\"@type\":\"ImageObject\",\"@id\":\"http:\/\/pierniczymotorniczy.pl\/#personlogo\",\"inLanguage\":\"pl-PL\",\"url\":\"http:\/\/pierniczymotorniczy.pl\/wp-content\/uploads\/2018\/01\/podczas-pisania-na-galowo-150x150.jpg\",\"contentUrl\":\"http:\/\/pierniczymotorniczy.pl\/wp-content\/uploads\/2018\/01\/podczas-pisania-na-galowo-150x150.jpg\",\"caption\":\"Krzysztof \\u017bukiewicz\"},\"logo\":{\"@id\":\"http:\/\/pierniczymotorniczy.pl\/#personlogo\"},\"description\":\"Cze\\u015b\\u0107. Nazywam si\\u0119 Krzysztof \\u017bukiewicz. Mieszkam i pracuj\\u0119 w Poznaniu. Skoro trafi\\u0142e\\u015b na tego bloga to nieprzypadkowo. Lubisz tramwaje?....\",\"sameAs\":[\"http:\/\/pierniczymotorniczy.pl\"]},{\"@type\":\"WebSite\",\"@id\":\"http:\/\/pierniczymotorniczy.pl\/#website\",\"url\":\"http:\/\/pierniczymotorniczy.pl\/\",\"name\":\"Pierniczy Motorniczy\",\"description\":\"Pierniczy Motorniczy\",\"publisher\":{\"@id\":\"http:\/\/pierniczymotorniczy.pl\/#\/schema\/person\/e9a68e280697e563905c75e1a24e5049\"},\"potentialAction\":[{\"@type\":\"SearchAction\",\"target\":{\"@type\":\"EntryPoint\",\"urlTemplate\":\"http:\/\/pierniczymotorniczy.pl\/?s={search_term_string}\"},\"query-input\":\"required name=search_term_string\"}],\"inLanguage\":\"pl-PL\"},{\"@type\":\"ImageObject\",\"@id\":\"http:\/\/pierniczymotorniczy.pl\/?page_id=20#primaryimage\",\"inLanguage\":\"pl-PL\",\"url\":\"http:\/\/pierniczymotorniczy.pl\/wp-content\/uploads\/2017\/12\/krzysztof-zukiewicz.bmp\",\"contentUrl\":\"http:\/\/pierniczymotorniczy.pl\/wp-content\/uploads\/2017\/12\/krzysztof-zukiewicz.bmp\",\"width\":800,\"height\":600},{\"@type\":\"WebPage\",\"@id\":\"http:\/\/pierniczymotorniczy.pl\/?page_id=20#webpage\",\"url\":\"http:\/\/pierniczymotorniczy.pl\/?page_id=20\",\"name\":\"O mnie &#8902; Pierniczy Motorniczy\",\"isPartOf\":{\"@id\":\"http:\/\/pierniczymotorniczy.pl\/#website\"},\"primaryImageOfPage\":{\"@id\":\"http:\/\/pierniczymotorniczy.pl\/?page_id=20#primaryimage\"},\"datePublished\":\"2017-12-27T00:33:39+00:00\",\"dateModified\":\"2018-02-13T21:21:54+00:00\",\"breadcrumb\":{\"@id\":\"http:\/\/pierniczymotorniczy.pl\/?page_id=20#breadcrumb\"},\"inLanguage\":\"pl-PL\",\"potentialAction\":[{\"@type\":\"ReadAction\",\"target\":[\"http:\/\/pierniczymotorniczy.pl\/?page_id=20\"]}]},{\"@type\":\"BreadcrumbList\",\"@id\":\"http:\/\/pierniczymotorniczy.pl\/?page_id=20#breadcrumb\",\"itemListElement\":[{\"@type\":\"ListItem\",\"position\":1,\"name\":\"Strona g\\u0142\\u00f3wna\",\"item\":\"http:\/\/pierniczymotorniczy.pl\/\"},{\"@type\":\"ListItem\",\"position\":2,\"name\":\"O mnie\"}]}]}<\/script>\n<!-- \/ Yoast SEO plugin. -->","yoast_head_json":{"title":"O mnie &#8902; Pierniczy Motorniczy","robots":{"index":"index","follow":"follow","max-snippet":"max-snippet:-1","max-image-preview":"max-image-preview:large","max-video-preview":"max-video-preview:-1"},"canonical":"http:\/\/pierniczymotorniczy.pl\/?page_id=20","og_locale":"pl_PL","og_type":"article","og_title":"O mnie &#8902; Pierniczy Motorniczy","og_description":"Cze\u015b\u0107. Nazywam si\u0119 Krzysztof \u017bukiewicz. Mieszkam i pracuj\u0119 w Poznaniu. Skoro trafi\u0142e\u015b na tego bloga to nieprzypadkowo. Lubisz tramwaje? Ja tak\u017ce si\u0119 z nimi zaprzyja\u017ani\u0142em, mam nadziej\u0119 \u017ce na d\u0142u\u017cej \ud83d\ude42 . Jako MOTORNICZY musz\u0119 gdzie\u015b odreagowa\u0107, dlatego przelewam nadmiar emocji na papier. By\u0107 mo\u017ce czytaj\u0105c, inni si\u0119 u\u015bmiechn\u0105 w wolnych chwilach od pracy, bo [&hellip;]","og_url":"http:\/\/pierniczymotorniczy.pl\/?page_id=20","og_site_name":"Pierniczy Motorniczy","article_modified_time":"2018-02-13T21:21:54+00:00","twitter_card":"summary_large_image","twitter_image":"http:\/\/pierniczymotorniczy.pl\/wp-content\/uploads\/2017\/12\/krzysztof-zukiewicz.bmp","twitter_misc":{"Szacowany czas czytania":"1 minuta"},"schema":{"@context":"https:\/\/schema.org","@graph":[{"@type":["Person","Organization"],"@id":"http:\/\/pierniczymotorniczy.pl\/#\/schema\/person\/e9a68e280697e563905c75e1a24e5049","name":"Krzysztof \u017bukiewicz","image":{"@type":"ImageObject","@id":"http:\/\/pierniczymotorniczy.pl\/#personlogo","inLanguage":"pl-PL","url":"http:\/\/pierniczymotorniczy.pl\/wp-content\/uploads\/2018\/01\/podczas-pisania-na-galowo-150x150.jpg","contentUrl":"http:\/\/pierniczymotorniczy.pl\/wp-content\/uploads\/2018\/01\/podczas-pisania-na-galowo-150x150.jpg","caption":"Krzysztof \u017bukiewicz"},"logo":{"@id":"http:\/\/pierniczymotorniczy.pl\/#personlogo"},"description":"Cze\u015b\u0107. Nazywam si\u0119 Krzysztof \u017bukiewicz. Mieszkam i pracuj\u0119 w Poznaniu. Skoro trafi\u0142e\u015b na tego bloga to nieprzypadkowo. Lubisz tramwaje?....","sameAs":["http:\/\/pierniczymotorniczy.pl"]},{"@type":"WebSite","@id":"http:\/\/pierniczymotorniczy.pl\/#website","url":"http:\/\/pierniczymotorniczy.pl\/","name":"Pierniczy Motorniczy","description":"Pierniczy Motorniczy","publisher":{"@id":"http:\/\/pierniczymotorniczy.pl\/#\/schema\/person\/e9a68e280697e563905c75e1a24e5049"},"potentialAction":[{"@type":"SearchAction","target":{"@type":"EntryPoint","urlTemplate":"http:\/\/pierniczymotorniczy.pl\/?s={search_term_string}"},"query-input":"required name=search_term_string"}],"inLanguage":"pl-PL"},{"@type":"ImageObject","@id":"http:\/\/pierniczymotorniczy.pl\/?page_id=20#primaryimage","inLanguage":"pl-PL","url":"http:\/\/pierniczymotorniczy.pl\/wp-content\/uploads\/2017\/12\/krzysztof-zukiewicz.bmp","contentUrl":"http:\/\/pierniczymotorniczy.pl\/wp-content\/uploads\/2017\/12\/krzysztof-zukiewicz.bmp","width":800,"height":600},{"@type":"WebPage","@id":"http:\/\/pierniczymotorniczy.pl\/?page_id=20#webpage","url":"http:\/\/pierniczymotorniczy.pl\/?page_id=20","name":"O mnie &#8902; Pierniczy Motorniczy","isPartOf":{"@id":"http:\/\/pierniczymotorniczy.pl\/#website"},"primaryImageOfPage":{"@id":"http:\/\/pierniczymotorniczy.pl\/?page_id=20#primaryimage"},"datePublished":"2017-12-27T00:33:39+00:00","dateModified":"2018-02-13T21:21:54+00:00","breadcrumb":{"@id":"http:\/\/pierniczymotorniczy.pl\/?page_id=20#breadcrumb"},"inLanguage":"pl-PL","potentialAction":[{"@type":"ReadAction","target":["http:\/\/pierniczymotorniczy.pl\/?page_id=20"]}]},{"@type":"BreadcrumbList","@id":"http:\/\/pierniczymotorniczy.pl\/?page_id=20#breadcrumb","itemListElement":[{"@type":"ListItem","position":1,"name":"Strona g\u0142\u00f3wna","item":"http:\/\/pierniczymotorniczy.pl\/"},{"@type":"ListItem","position":2,"name":"O mnie"}]}]}},"post_mailing_queue_ids":[],"_links":{"self":[{"href":"http:\/\/pierniczymotorniczy.pl\/index.php?rest_route=\/wp\/v2\/pages\/20"}],"collection":[{"href":"http:\/\/pierniczymotorniczy.pl\/index.php?rest_route=\/wp\/v2\/pages"}],"about":[{"href":"http:\/\/pierniczymotorniczy.pl\/index.php?rest_route=\/wp\/v2\/types\/page"}],"author":[{"embeddable":true,"href":"http:\/\/pierniczymotorniczy.pl\/index.php?rest_route=\/wp\/v2\/users\/1"}],"replies":[{"embeddable":true,"href":"http:\/\/pierniczymotorniczy.pl\/index.php?rest_route=%2Fwp%2Fv2%2Fcomments&post=20"}],"version-history":[{"count":10,"href":"http:\/\/pierniczymotorniczy.pl\/index.php?rest_route=\/wp\/v2\/pages\/20\/revisions"}],"predecessor-version":[{"id":1758,"href":"http:\/\/pierniczymotorniczy.pl\/index.php?rest_route=\/wp\/v2\/pages\/20\/revisions\/1758"}],"wp:featuredmedia":[{"embeddable":true,"href":"http:\/\/pierniczymotorniczy.pl\/index.php?rest_route=\/wp\/v2\/media\/13"}],"wp:attachment":[{"href":"http:\/\/pierniczymotorniczy.pl\/index.php?rest_route=%2Fwp%2Fv2%2Fmedia&parent=20"}],"curies":[{"name":"wp","href":"https:\/\/api.w.org\/{rel}","templated":true}]}}