{"id":25,"date":"2017-12-27T01:35:48","date_gmt":"2017-12-27T00:35:48","guid":{"rendered":"http:\/\/pierniczymotorniczy.pl\/?page_id=25"},"modified":"2017-12-28T19:31:19","modified_gmt":"2017-12-28T18:31:19","slug":"kontakt","status":"publish","type":"page","link":"http:\/\/pierniczymotorniczy.pl\/?page_id=25","title":{"rendered":"Kontakt"},"content":{"rendered":"<h1><\/h1>\n<h1 style=\"text-align: center;\"><strong><span style=\"color: #48902d;\">Kontakt<\/span><\/strong><\/h1>\n<div role=\"form\" class=\"wpcf7\" id=\"wpcf7-f7-o1\" lang=\"pl-PL\" dir=\"ltr\">\n<div class=\"screen-reader-response\"><p role=\"status\" aria-live=\"polite\" aria-atomic=\"true\"><\/p> <ul><\/ul><\/div>\n<form action=\"\/index.php?rest_route=%2Fwp%2Fv2%2Fpages%2F25#wpcf7-f7-o1\" method=\"post\" class=\"wpcf7-form init\" novalidate=\"novalidate\" data-status=\"init\">\n<div style=\"display: none;\">\n<input type=\"hidden\" name=\"_wpcf7\" value=\"7\" \/>\n<input type=\"hidden\" name=\"_wpcf7_version\" value=\"5.5.2\" \/>\n<input type=\"hidden\" name=\"_wpcf7_locale\" value=\"pl_PL\" \/>\n<input type=\"hidden\" name=\"_wpcf7_unit_tag\" value=\"wpcf7-f7-o1\" \/>\n<input type=\"hidden\" name=\"_wpcf7_container_post\" value=\"0\" \/>\n<input type=\"hidden\" name=\"_wpcf7_posted_data_hash\" value=\"\" \/>\n<\/div>\n<p><label> Twoja Imi\u0119 (wymagane)<br \/>\n    <span class=\"wpcf7-form-control-wrap your-name\"><input type=\"text\" name=\"your-name\" value=\"\" size=\"40\" class=\"wpcf7-form-control wpcf7-text wpcf7-validates-as-required\" aria-required=\"true\" aria-invalid=\"false\" \/><\/span> <\/label><\/p>\n<p><label> Tw\u00f3j Email (wymagane)<br \/>\n    <span class=\"wpcf7-form-control-wrap your-email\"><input type=\"email\" name=\"your-email\" value=\"\" size=\"40\" class=\"wpcf7-form-control wpcf7-text wpcf7-email wpcf7-validates-as-required wpcf7-validates-as-email\" aria-required=\"true\" aria-invalid=\"false\" \/><\/span> <\/label><\/p>\n<p><label> Temat<br \/>\n    <span class=\"wpcf7-form-control-wrap your-subject\"><input type=\"text\" name=\"your-subject\" value=\"\" size=\"40\" class=\"wpcf7-form-control wpcf7-text\" aria-invalid=\"false\" \/><\/span> <\/label><\/p>\n<p><label> Twoja Wiadomo\u015b\u0107<br \/>\n    <span class=\"wpcf7-form-control-wrap your-message\"><textarea name=\"your-message\" cols=\"40\" rows=\"10\" class=\"wpcf7-form-control wpcf7-textarea\" aria-invalid=\"false\"><\/textarea><\/span> <\/label><\/p>\n<p><input type=\"submit\" value=\"Wy\u015blij\" class=\"wpcf7-form-control has-spinner wpcf7-submit\" \/><\/p>\n<p style=\"display: none !important;\"><label>&#916;<textarea name=\"_wpcf7_ak_hp_textarea\" cols=\"45\" rows=\"8\" maxlength=\"100\"><\/textarea><\/label><input type=\"hidden\" id=\"ak_js_1\" name=\"_wpcf7_ak_js\" value=\"136\"\/><script>document.getElementById( \"ak_js_1\" ).setAttribute( \"value\", ( new Date() ).getTime() );<\/script><\/p><div class=\"wpcf7-response-output\" aria-hidden=\"true\"><\/div><\/form><\/div>\n","protected":false},"excerpt":{"rendered":"<p>Kontakt<\/p>\n","protected":false},"author":1,"featured_media":0,"parent":0,"menu_order":0,"comment_status":"closed","ping_status":"closed","template":"","meta":[],"yoast_head":"<!-- This site is optimized with the Yoast SEO plugin v17.1 - https:\/\/yoast.com\/wordpress\/plugins\/seo\/ -->\n<title>Kontakt &#8902; Pierniczy Motorniczy<\/title>\n<meta name=\"robots\" content=\"index, follow, max-snippet:-1, max-image-preview:large, max-video-preview:-1\" \/>\n<link rel=\"canonical\" href=\"http:\/\/pierniczymotorniczy.pl\/?page_id=25\" \/>\n<meta property=\"og:locale\" content=\"pl_PL\" \/>\n<meta property=\"og:type\" content=\"article\" \/>\n<meta property=\"og:title\" content=\"Kontakt &#8902; Pierniczy Motorniczy\" \/>\n<meta property=\"og:description\" content=\"Kontakt\" \/>\n<meta property=\"og:url\" content=\"http:\/\/pierniczymotorniczy.pl\/?page_id=25\" \/>\n<meta property=\"og:site_name\" content=\"Pierniczy Motorniczy\" \/>\n<meta property=\"article:modified_time\" content=\"2017-12-28T18:31:19+00:00\" \/>\n<meta name=\"twitter:card\" content=\"summary_large_image\" \/>\n<script type=\"application\/ld+json\" class=\"yoast-schema-graph\">{\"@context\":\"https:\/\/schema.org\",\"@graph\":[{\"@type\":[\"Person\",\"Organization\"],\"@id\":\"http:\/\/pierniczymotorniczy.pl\/#\/schema\/person\/e9a68e280697e563905c75e1a24e5049\",\"name\":\"Krzysztof \\u017bukiewicz\",\"image\":{\"@type\":\"ImageObject\",\"@id\":\"http:\/\/pierniczymotorniczy.pl\/#personlogo\",\"inLanguage\":\"pl-PL\",\"url\":\"http:\/\/pierniczymotorniczy.pl\/wp-content\/uploads\/2018\/01\/podczas-pisania-na-galowo-150x150.jpg\",\"contentUrl\":\"http:\/\/pierniczymotorniczy.pl\/wp-content\/uploads\/2018\/01\/podczas-pisania-na-galowo-150x150.jpg\",\"caption\":\"Krzysztof \\u017bukiewicz\"},\"logo\":{\"@id\":\"http:\/\/pierniczymotorniczy.pl\/#personlogo\"},\"description\":\"Cze\\u015b\\u0107. Nazywam si\\u0119 Krzysztof \\u017bukiewicz. Mieszkam i pracuj\\u0119 w Poznaniu. Skoro trafi\\u0142e\\u015b na tego bloga to nieprzypadkowo. Lubisz tramwaje?....\",\"sameAs\":[\"http:\/\/pierniczymotorniczy.pl\"]},{\"@type\":\"WebSite\",\"@id\":\"http:\/\/pierniczymotorniczy.pl\/#website\",\"url\":\"http:\/\/pierniczymotorniczy.pl\/\",\"name\":\"Pierniczy Motorniczy\",\"description\":\"Pierniczy Motorniczy\",\"publisher\":{\"@id\":\"http:\/\/pierniczymotorniczy.pl\/#\/schema\/person\/e9a68e280697e563905c75e1a24e5049\"},\"potentialAction\":[{\"@type\":\"SearchAction\",\"target\":{\"@type\":\"EntryPoint\",\"urlTemplate\":\"http:\/\/pierniczymotorniczy.pl\/?s={search_term_string}\"},\"query-input\":\"required name=search_term_string\"}],\"inLanguage\":\"pl-PL\"},{\"@type\":\"WebPage\",\"@id\":\"http:\/\/pierniczymotorniczy.pl\/?page_id=25#webpage\",\"url\":\"http:\/\/pierniczymotorniczy.pl\/?page_id=25\",\"name\":\"Kontakt &#8902; Pierniczy Motorniczy\",\"isPartOf\":{\"@id\":\"http:\/\/pierniczymotorniczy.pl\/#website\"},\"datePublished\":\"2017-12-27T00:35:48+00:00\",\"dateModified\":\"2017-12-28T18:31:19+00:00\",\"breadcrumb\":{\"@id\":\"http:\/\/pierniczymotorniczy.pl\/?page_id=25#breadcrumb\"},\"inLanguage\":\"pl-PL\",\"potentialAction\":[{\"@type\":\"ReadAction\",\"target\":[\"http:\/\/pierniczymotorniczy.pl\/?page_id=25\"]}]},{\"@type\":\"BreadcrumbList\",\"@id\":\"http:\/\/pierniczymotorniczy.pl\/?page_id=25#breadcrumb\",\"itemListElement\":[{\"@type\":\"ListItem\",\"position\":1,\"name\":\"Strona g\\u0142\\u00f3wna\",\"item\":\"http:\/\/pierniczymotorniczy.pl\/\"},{\"@type\":\"ListItem\",\"position\":2,\"name\":\"Kontakt\"}]}]}<\/script>\n<!-- \/ Yoast SEO plugin. -->","yoast_head_json":{"title":"Kontakt &#8902; Pierniczy Motorniczy","robots":{"index":"index","follow":"follow","max-snippet":"max-snippet:-1","max-image-preview":"max-image-preview:large","max-video-preview":"max-video-preview:-1"},"canonical":"http:\/\/pierniczymotorniczy.pl\/?page_id=25","og_locale":"pl_PL","og_type":"article","og_title":"Kontakt &#8902; Pierniczy Motorniczy","og_description":"Kontakt","og_url":"http:\/\/pierniczymotorniczy.pl\/?page_id=25","og_site_name":"Pierniczy Motorniczy","article_modified_time":"2017-12-28T18:31:19+00:00","twitter_card":"summary_large_image","schema":{"@context":"https:\/\/schema.org","@graph":[{"@type":["Person","Organization"],"@id":"http:\/\/pierniczymotorniczy.pl\/#\/schema\/person\/e9a68e280697e563905c75e1a24e5049","name":"Krzysztof \u017bukiewicz","image":{"@type":"ImageObject","@id":"http:\/\/pierniczymotorniczy.pl\/#personlogo","inLanguage":"pl-PL","url":"http:\/\/pierniczymotorniczy.pl\/wp-content\/uploads\/2018\/01\/podczas-pisania-na-galowo-150x150.jpg","contentUrl":"http:\/\/pierniczymotorniczy.pl\/wp-content\/uploads\/2018\/01\/podczas-pisania-na-galowo-150x150.jpg","caption":"Krzysztof \u017bukiewicz"},"logo":{"@id":"http:\/\/pierniczymotorniczy.pl\/#personlogo"},"description":"Cze\u015b\u0107. Nazywam si\u0119 Krzysztof \u017bukiewicz. Mieszkam i pracuj\u0119 w Poznaniu. Skoro trafi\u0142e\u015b na tego bloga to nieprzypadkowo. Lubisz tramwaje?....","sameAs":["http:\/\/pierniczymotorniczy.pl"]},{"@type":"WebSite","@id":"http:\/\/pierniczymotorniczy.pl\/#website","url":"http:\/\/pierniczymotorniczy.pl\/","name":"Pierniczy Motorniczy","description":"Pierniczy Motorniczy","publisher":{"@id":"http:\/\/pierniczymotorniczy.pl\/#\/schema\/person\/e9a68e280697e563905c75e1a24e5049"},"potentialAction":[{"@type":"SearchAction","target":{"@type":"EntryPoint","urlTemplate":"http:\/\/pierniczymotorniczy.pl\/?s={search_term_string}"},"query-input":"required name=search_term_string"}],"inLanguage":"pl-PL"},{"@type":"WebPage","@id":"http:\/\/pierniczymotorniczy.pl\/?page_id=25#webpage","url":"http:\/\/pierniczymotorniczy.pl\/?page_id=25","name":"Kontakt &#8902; Pierniczy Motorniczy","isPartOf":{"@id":"http:\/\/pierniczymotorniczy.pl\/#website"},"datePublished":"2017-12-27T00:35:48+00:00","dateModified":"2017-12-28T18:31:19+00:00","breadcrumb":{"@id":"http:\/\/pierniczymotorniczy.pl\/?page_id=25#breadcrumb"},"inLanguage":"pl-PL","potentialAction":[{"@type":"ReadAction","target":["http:\/\/pierniczymotorniczy.pl\/?page_id=25"]}]},{"@type":"BreadcrumbList","@id":"http:\/\/pierniczymotorniczy.pl\/?page_id=25#breadcrumb","itemListElement":[{"@type":"ListItem","position":1,"name":"Strona g\u0142\u00f3wna","item":"http:\/\/pierniczymotorniczy.pl\/"},{"@type":"ListItem","position":2,"name":"Kontakt"}]}]}},"post_mailing_queue_ids":[],"_links":{"self":[{"href":"http:\/\/pierniczymotorniczy.pl\/index.php?rest_route=\/wp\/v2\/pages\/25"}],"collection":[{"href":"http:\/\/pierniczymotorniczy.pl\/index.php?rest_route=\/wp\/v2\/pages"}],"about":[{"href":"http:\/\/pierniczymotorniczy.pl\/index.php?rest_route=\/wp\/v2\/types\/page"}],"author":[{"embeddable":true,"href":"http:\/\/pierniczymotorniczy.pl\/index.php?rest_route=\/wp\/v2\/users\/1"}],"replies":[{"embeddable":true,"href":"http:\/\/pierniczymotorniczy.pl\/index.php?rest_route=%2Fwp%2Fv2%2Fcomments&post=25"}],"version-history":[{"count":6,"href":"http:\/\/pierniczymotorniczy.pl\/index.php?rest_route=\/wp\/v2\/pages\/25\/revisions"}],"predecessor-version":[{"id":182,"href":"http:\/\/pierniczymotorniczy.pl\/index.php?rest_route=\/wp\/v2\/pages\/25\/revisions\/182"}],"wp:attachment":[{"href":"http:\/\/pierniczymotorniczy.pl\/index.php?rest_route=%2Fwp%2Fv2%2Fmedia&parent=25"}],"curies":[{"name":"wp","href":"https:\/\/api.w.org\/{rel}","templated":true}]}}