{"id":357,"date":"2018-02-12T22:33:15","date_gmt":"2018-02-12T21:33:15","guid":{"rendered":"http:\/\/pierniczymotorniczy.pl\/?page_id=357"},"modified":"2023-04-20T13:33:12","modified_gmt":"2023-04-20T11:33:12","slug":"media","status":"publish","type":"page","link":"http:\/\/pierniczymotorniczy.pl\/?page_id=357","title":{"rendered":"Media"},"content":{"rendered":"<hr>\n<h3 style=\"text-align: center;\"><a href=\"https:\/\/m.facebook.com\/story.php?story_fbid=pfbid02iP8wqNimHqPJaRWcyUPNBQHbKHcUK1UFUBHCE1eUmcSb7e6vD7QpPiJtKaKgpRmjl&amp;id=100083590771761&amp;sfnsn=mo\"><strong><span style=\"color: #0000ff;\">https:\/\/m.facebook.com\/story.php?story_fbid=pfbid02iP8wqNimHqPJaRWcyUPNBQHbKHcUK1UFUBHCE1eUmcSb7e6vD7QpPiJtKaKgpRmjl&amp;id=100083590771761&amp;sfnsn=mo <\/span><\/strong><\/a><\/h3>\n<h3 style=\"text-align: center;\"><strong>TRAMWAJARZE PRZEDSZKOLAKOM\/PRZEDSZKOLE NR 155 &#8220;POLANIE&#8221; &#8211; opis z dnia 19.04.2023-Spotkanie z Teatrem Tramwajarzy<\/strong><\/h3>\n<hr>\n<h3 style=\"text-align: center;\"><a href=\"https:\/\/www.facebook.com\/Maczki50\/photos\/pcb.1905309463154383\/1905307806487882\/\"><strong><span style=\"color: #0000ff;\">https:\/\/www.facebook.com\/Maczki50\/photos\/pcb.1905309463154383\/1905307806487882\/<\/span><\/strong><\/a><\/h3>\n<h3 style=\"text-align: center;\"><strong> AKADEMIA MA\u0141EGO PASA\u017bERA\/SZKO\u0141A PODSTAWOWA NR 50 W POZNANIU-opis z dnia 19.12.2022<\/strong><\/h3>\n<hr>\n<h3 style=\"text-align: center;\"><a href=\"https:\/\/www.facebook.com\/permalink.php?story_fbid=pfbid02XS6VcXpyAUegMW9THaMX2NsLbuVG9Vp2MB3hAhHNFTmiAsB226DRXC5D1gk8LyRgl&amp;id=100063497534989&amp;__cft__[0]=AZXZbkjrtU81McLnFTxuguDTtvTjeElX-TmPvg4gATiT76NaKmNgK0kzSI1LFu5MHiGD8EM_SLASjaGXAyOxW6lST7SnEiP1no19ghExHJ66uO5qaa2p2K2OZ4yJoLipB56Zrf-sneQJ1rFcrnYQ3POaH0FJ_-MNd2I9jqNkmLOakoW5u33Xq43PH6eOVf3ls0SJuUsHm_YGcyqoFm3q4KdJ&amp;__tn__=%2CO%2CP-R\"><strong><span style=\"color: #0000ff;\">https:\/\/www.facebook.com\/permalink.php?story_fbid=pfbid02XS6VcXpyAUegMW9THaMX2NsLbuVG9Vp2MB3hAhHNFTmiAsB226DRXC5D1gk8LyRgl&amp;id=100063497534989&amp;__cft__[0]=AZXZbkjrtU81McLnFTxuguDTtvTjeElX-TmPvg4gATiT76NaKmNgK0kzSI1LFu5MHiGD8EM_SLASjaGXAyOxW6lST7SnEiP1no19ghExHJ66uO5qaa2p2K2OZ4yJoLipB56Zrf-sneQJ1rFcrnYQ3POaH0FJ_-MNd2I9jqNkmLOakoW5u33Xq43PH6eOVf3ls0SJuUsHm_YGcyqoFm3q4KdJ&amp;__tn__=%2CO%2CP-R<\/span><\/strong><\/a><\/h3>\n<h3 style=\"text-align: center;\"><strong>TRAMWAJARZE PRZEDSZKOLAKOM\/PRZEDSZKOLE NR 17 &#8220;IKAREK&#8221; W G\u0141USZYNIE-opis z dnia 29.10.2022-Spotkanie z pozna\u0144skimi tramwajarzami<\/strong><\/h3>\n<hr>\n<h3 style=\"text-align: center;\"><a href=\"https:\/\/m.facebook.com\/story.php?story_fbid=534297502029456&amp;id=100063476323042\"><strong><span style=\"color: #0000ff;\">https:\/\/m.facebook.com\/story.php?story_fbid=534297502029456&amp;id=100063476323042<\/span><\/strong><\/a><\/h3>\n<h3 style=\"text-align: center;\"><strong> AKADEMIA MA\u0141EGO PASA\u017bERA\/SZKO\u0141A PODSTAWOWA NR 21 W POZNANIU-opis z dnia 03.10.2022<\/strong><\/h3>\n<hr>\n<h3 style=\"text-align: center;\"><a href=\"http:\/\/www.zsp6poznan.pl\/akademia-malego-pasazera\/\"><strong><span style=\"color: #0000ff;\">http:\/\/www.zsp6poznan.pl\/akademia-malego-pasazera\/<\/span><\/strong><\/a><\/h3>\n<h3 style=\"text-align: center;\"><strong>AKADEMIA MA\u0141EGO PASA\u017bERA\/SZKO\u0141A PODSTAWOWA NR 15 W POZNANIU-opis z dnia 02.10.2022<\/strong><\/h3>\n<hr>\n<h3 style=\"text-align: center;\"><a href=\"http:\/\/p113poznan.pl\/index.php\/imprezy\/relacje-z-imprez\/\"><strong><span style=\"color: #0000ff;\">http:\/\/p113poznan.pl\/index.php\/imprezy\/relacje-z-imprez\/<\/span><\/strong><\/a><\/h3>\n<h3 style=\"text-align: center;\"><strong>TRAMWAJARZE PRZEDSZKOLAKOM\/PRZEDSZKOLE NR 113 &#8220;MALI SPORTOWCY&#8221; W POZNANIU-opis z dnia 22.09.2022-Spotkanie z pozna\u0144skimi tramwajarzami<\/strong><\/h3>\n<hr>\n<h3 style=\"text-align: center;\"><a href=\"https:\/\/regiony.tvp.pl\/56775995\/05112021\"><strong><span style=\"color: #0000ff;\">https:\/\/regiony.tvp.pl\/56775995\/05112021<\/span><\/strong><\/a><\/h3>\n<h3 style=\"text-align: center;\"><strong>G\u0141OS REGION\u00d3W TVP3-materia\u0142 z dnia 05.11.2021<\/strong><\/h3>\n<hr>\n<p><img loading=\"lazy\" class=\"aligncenter wp-image-358\" src=\"http:\/\/pierniczymotorniczy.pl\/wp-content\/uploads\/2018\/02\/gazeta-wyborcza-10-11-luty-2018-1-169x300.jpg\" alt=\"\" data-id=\"358\" width=\"557\" height=\"989\" srcset=\"http:\/\/pierniczymotorniczy.pl\/wp-content\/uploads\/2018\/02\/gazeta-wyborcza-10-11-luty-2018-1-169x300.jpg 169w, http:\/\/pierniczymotorniczy.pl\/wp-content\/uploads\/2018\/02\/gazeta-wyborcza-10-11-luty-2018-1-768x1365.jpg 768w, http:\/\/pierniczymotorniczy.pl\/wp-content\/uploads\/2018\/02\/gazeta-wyborcza-10-11-luty-2018-1-576x1024.jpg 576w\" sizes=\"(max-width: 557px) 100vw, 557px\" \/><\/p>\n<h3 style=\"text-align: center;\"><strong>GAZETA WYBORCZA<\/strong><\/h3>\n<h3 style=\"text-align: center;\"><strong>POZNA\u0143 &#8211; 10\/11.02.2018<\/strong><\/h3>\n<hr>\n<p><a href=\"http:\/\/poznan.wyborcza.pl\/poznan\/7,36001,23004291,bloger-przekonuje-ze-tramwajarz-tez-czlowiek.html\"><img loading=\"lazy\" class=\" wp-image-189 aligncenter\" src=\"http:\/\/pierniczymotorniczy.pl\/wp-content\/uploads\/2018\/02\/z22999987VMotorniczy-Krzysztof-Zukiewicz-z-MPK-Poznan.jpg\" alt=\"\" data-id=\"189\" width=\"111\" height=\"111\"><\/a><\/p>\n<h3 style=\"text-align: center;\"><strong>&nbsp;wyborcza.pl<\/strong><\/h3>\n<h3 style=\"text-align: center;\"><strong>POZNA\u0143- 10\/11.02.2018<\/strong><\/h3>\n<hr>\n<h3 style=\"text-align: center;\"><a href=\"https:\/\/www.tvp.info\/35743384\/14022018-1715\"><strong><span style=\"color: #0000ff;\">https:\/\/www.tvp.info\/35743384\/14022018-1715<\/span><\/strong><\/a><\/h3>\n<h3 style=\"text-align: center;\"><strong>TELEEXPRESS EXTRA &#8211; 14.02.2018<\/strong><\/h3>\n<p style=\"text-align: center;\"><strong><em><span style=\"color: #008000;\">&nbsp;( przedzia\u0142 czasowy 5min47sek &#8211; 6min36sek )<\/span><\/em><\/strong><\/p>\n<hr>\n<h3 style=\"text-align: center;\"><a href=\"https:\/\/poznan.tvp.pl\/36011183\/14022018-godz1830\"><strong><span style=\"color: #0000ff;\">https:\/\/poznan.tvp.pl\/36011183\/14022018-godz1830<\/span><\/strong><\/a><\/h3>\n<h3 style=\"text-align: center;\"><strong>TELESKOP TVP3 POZNA\u0143 &#8211; 14.02.2018<\/strong><\/h3>\n<p style=\"text-align: center;\"><span style=\"color: #008000;\"><strong><em>&nbsp;( przedzia\u0142 czasowy 16min31sek &#8211; 16min50sek )<\/em><\/strong><\/span><\/p>\n<hr>\n<h3 style=\"text-align: center;\"><a href=\"https:\/\/poznan.tvp.pl\/36091985\/20022018-godz1830\"><strong><span style=\"color: #0000ff;\">https:\/\/poznan.tvp.pl\/36091985\/20022018-godz1830<\/span><\/strong><\/a><\/h3>\n<h3 style=\"text-align: center;\"><strong>TELESKOP TVP3 POZNA\u0143 &#8211; 20.02.2018<\/strong><\/h3>\n<p style=\"text-align: center;\"><span style=\"color: #008000;\"><strong><em> ( przedzia\u0142 czasowy 16min21sek &#8211; 18min46sek )<\/em><\/strong><\/span><\/p>\n<hr>\n<h3 style=\"text-align: center;\"><a href=\"https:\/\/wtkplay.pl\/video-id-39620-puls_dnia_z_czwartku_28_czerwca\"><strong><span style=\"color: #0000ff;\">https:\/\/wtkplay.pl\/video-id-39620-puls_dnia_z_czwartku_28_czerwca<\/span><\/strong><\/a><\/h3>\n<h3 style=\"text-align: center;\"><strong>PULS DNIA GODZ.20 i 21 WTK POZNA\u0143 &#8211; 28.06.2018<\/strong><\/h3>\n<p style=\"text-align: center;\"><span style=\"color: #008000;\"><strong><em> ( przedzia\u0142 czasowy 18min16sek &#8211; 21min14sek )<\/em><\/strong><\/span><\/p>\n<hr>\n<h3 style=\"text-align: center;\"><a href=\"https:\/\/poznan.tvp.pl\/40140829\/swieto-motorniczych\"><span style=\"color: #0000ff;\"><strong>https:\/\/poznan.tvp.pl\/40140829\/swieto-motorniczych<\/strong><\/span><\/a><\/h3>\n<h3 style=\"text-align: center;\"><strong>TELESKOP TVP3 POZNA\u0143 &#8211; 25.11.2018<\/strong><\/h3>\n<p style=\"text-align: center;\"><span style=\"color: #008000;\"><strong><em> ( przedzia\u0142 czasowy 2min05sek &#8211; 2min30sek )<\/em><\/strong><\/span><\/p>\n<hr>\n<h3 style=\"text-align: center;\"><a href=\"https:\/\/radiopoznan.fm\/informacje\/pozostale\/mpk-poszukuje-kierowcow-i-motorniczych\"><strong><span style=\"color: #0000ff;\">https:\/\/radiopoznan.fm\/informacje\/pozostale\/mpk-poszukuje-kierowcow-i-motorniczych<\/span><\/strong><\/a><\/h3>\n<h3 style=\"text-align: center;\"><strong>RADIO POZNA\u0143 &#8211; 25.11.2018<\/strong><\/h3>\n<p><strong><em>&nbsp;<\/em><\/strong><\/p>\n<hr>\n<h3 style=\"text-align: center;\"><a href=\"https:\/\/wtk.pl\/news\/47099-trwa-kolejna-edycja-konkursu-na-najlepszego-motorniczego-mpk\"><strong><span style=\"color: #0000ff;\">https:\/\/wtk.pl\/news\/47099-trwa-kolejna-edycja-konkursu-na-najlepszego-motorniczego-mpk<\/span><\/strong><\/a><\/h3>\n<h3 style=\"text-align: center;\"><strong>WTK POZNA\u0143 &#8211; 07.05.2019<\/strong><\/h3>\n<hr>\n<h3 style=\"text-align: center;\"><a href=\"http:\/\/poznan.wyborcza.pl\/poznan\/7,36001,24760570,mpk-poznan-na-najlepszego-motorniczego-nie-ma-skarg-prowadzi.html\"><strong><span style=\"color: #0000ff;\">http:\/\/poznan.wyborcza.pl\/poznan\/7,36001,24760570,mpk-poznan-na-najlepszego-motorniczego-nie-ma-skarg-prowadzi.html<\/span><\/strong><\/a><\/h3>\n<h3 style=\"text-align: center;\"><strong>WYBORCZA.PL POZNA\u0143 &#8211; 07.05.2019<\/strong><\/h3>\n<hr>\n<p><img loading=\"lazy\" class=\"aligncenter wp-image-358\" src=\"http:\/\/pierniczymotorniczy.pl\/wp-content\/uploads\/2019\/05\/IMG_20190525_090157.jpg\" alt=\"\" data-id=\"358\" width=\"557\" height=\"989\"><\/p>\n<h3 style=\"text-align: center;\"><strong>GAZETA WYBORCZA<\/strong><\/h3>\n<h3 style=\"text-align: center;\"><strong>POZNA\u0143 &#8211; 25.05.2019<\/strong><\/h3>\n<hr>\n<p><a href=\"http:\/\/poznan.wyborcza.pl\/poznan\/7,36001,24822286,mpk-poznan-motorniczy-o-kulisach-pracy-przy-wykolejeniu-na.html\"><img loading=\"lazy\" class=\" wp-image-189 aligncenter\" src=\"http:\/\/pierniczymotorniczy.pl\/wp-content\/uploads\/2019\/05\/z23003760VKrzysztof-Zukiewicz-motorniczy-MPK-Poznan.jpg\" alt=\"\" data-id=\"189\" width=\"111\" height=\"111\"><\/a><\/p>\n<h3 style=\"text-align: center;\"><strong>&nbsp;wyborcza.pl<\/strong><\/h3>\n<h3 style=\"text-align: center;\"><strong>POZNA\u0143- 25.05.2019<\/strong><\/h3>\n\n\n<p><\/p>\n","protected":false},"excerpt":{"rendered":"<p>https:\/\/m.facebook.com\/story.php?story_fbid=pfbid02iP8wqNimHqPJaRWcyUPNBQHbKHcUK1UFUBHCE1eUmcSb7e6vD7QpPiJtKaKgpRmjl&amp;id=100083590771761&amp;sfnsn=mo TRAMWAJARZE PRZEDSZKOLAKOM\/PRZEDSZKOLE NR 155 &#8220;POLANIE&#8221; &#8211; opis z dnia 19.04.2023-Spotkanie z Teatrem Tramwajarzy https:\/\/www.facebook.com\/Maczki50\/photos\/pcb.1905309463154383\/1905307806487882\/ AKADEMIA MA\u0141EGO PASA\u017bERA\/SZKO\u0141A PODSTAWOWA NR 50 W POZNANIU-opis z dnia 19.12.2022 https:\/\/www.facebook.com\/permalink.php?story_fbid=pfbid02XS6VcXpyAUegMW9THaMX2NsLbuVG9Vp2MB3hAhHNFTmiAsB226DRXC5D1gk8LyRgl&amp;id=100063497534989&amp;__cft__[0]=AZXZbkjrtU81McLnFTxuguDTtvTjeElX-TmPvg4gATiT76NaKmNgK0kzSI1LFu5MHiGD8EM_SLASjaGXAyOxW6lST7SnEiP1no19ghExHJ66uO5qaa2p2K2OZ4yJoLipB56Zrf-sneQJ1rFcrnYQ3POaH0FJ_-MNd2I9jqNkmLOakoW5u33Xq43PH6eOVf3ls0SJuUsHm_YGcyqoFm3q4KdJ&amp;__tn__=%2CO%2CP-R TRAMWAJARZE PRZEDSZKOLAKOM\/PRZEDSZKOLE NR 17 &#8220;IKAREK&#8221; W G\u0141USZYNIE-opis z dnia 29.10.2022-Spotkanie z pozna\u0144skimi tramwajarzami https:\/\/m.facebook.com\/story.php?story_fbid=534297502029456&amp;id=100063476323042 AKADEMIA MA\u0141EGO PASA\u017bERA\/SZKO\u0141A PODSTAWOWA NR 21 W POZNANIU-opis z dnia 03.10.2022 http:\/\/www.zsp6poznan.pl\/akademia-malego-pasazera\/ AKADEMIA MA\u0141EGO [&hellip;]<\/p>\n","protected":false},"author":1,"featured_media":0,"parent":0,"menu_order":0,"comment_status":"closed","ping_status":"closed","template":"","meta":[],"yoast_head":"<!-- This site is optimized with the Yoast SEO plugin v17.1 - https:\/\/yoast.com\/wordpress\/plugins\/seo\/ -->\n<title>Media &#8902; Pierniczy Motorniczy<\/title>\n<meta name=\"robots\" content=\"index, follow, max-snippet:-1, max-image-preview:large, max-video-preview:-1\" \/>\n<link rel=\"canonical\" href=\"http:\/\/pierniczymotorniczy.pl\/?page_id=357\" \/>\n<meta property=\"og:locale\" content=\"pl_PL\" \/>\n<meta property=\"og:type\" content=\"article\" \/>\n<meta property=\"og:title\" content=\"Media &#8902; Pierniczy Motorniczy\" \/>\n<meta property=\"og:description\" content=\"https:\/\/m.facebook.com\/story.php?story_fbid=pfbid02iP8wqNimHqPJaRWcyUPNBQHbKHcUK1UFUBHCE1eUmcSb7e6vD7QpPiJtKaKgpRmjl&amp;id=100083590771761&amp;sfnsn=mo TRAMWAJARZE PRZEDSZKOLAKOM\/PRZEDSZKOLE NR 155 &#8220;POLANIE&#8221; &#8211; opis z dnia 19.04.2023-Spotkanie z Teatrem Tramwajarzy https:\/\/www.facebook.com\/Maczki50\/photos\/pcb.1905309463154383\/1905307806487882\/ AKADEMIA MA\u0141EGO PASA\u017bERA\/SZKO\u0141A PODSTAWOWA NR 50 W POZNANIU-opis z dnia 19.12.2022 https:\/\/www.facebook.com\/permalink.php?story_fbid=pfbid02XS6VcXpyAUegMW9THaMX2NsLbuVG9Vp2MB3hAhHNFTmiAsB226DRXC5D1gk8LyRgl&amp;id=100063497534989&amp;__cft__[0]=AZXZbkjrtU81McLnFTxuguDTtvTjeElX-TmPvg4gATiT76NaKmNgK0kzSI1LFu5MHiGD8EM_SLASjaGXAyOxW6lST7SnEiP1no19ghExHJ66uO5qaa2p2K2OZ4yJoLipB56Zrf-sneQJ1rFcrnYQ3POaH0FJ_-MNd2I9jqNkmLOakoW5u33Xq43PH6eOVf3ls0SJuUsHm_YGcyqoFm3q4KdJ&amp;__tn__=%2CO%2CP-R TRAMWAJARZE PRZEDSZKOLAKOM\/PRZEDSZKOLE NR 17 &#8220;IKAREK&#8221; W G\u0141USZYNIE-opis z dnia 29.10.2022-Spotkanie z pozna\u0144skimi tramwajarzami https:\/\/m.facebook.com\/story.php?story_fbid=534297502029456&amp;id=100063476323042 AKADEMIA MA\u0141EGO PASA\u017bERA\/SZKO\u0141A PODSTAWOWA NR 21 W POZNANIU-opis z dnia 03.10.2022 http:\/\/www.zsp6poznan.pl\/akademia-malego-pasazera\/ AKADEMIA MA\u0141EGO [&hellip;]\" \/>\n<meta property=\"og:url\" content=\"http:\/\/pierniczymotorniczy.pl\/?page_id=357\" \/>\n<meta property=\"og:site_name\" content=\"Pierniczy Motorniczy\" \/>\n<meta property=\"article:modified_time\" content=\"2023-04-20T11:33:12+00:00\" \/>\n<meta property=\"og:image\" content=\"http:\/\/pierniczymotorniczy.pl\/wp-content\/uploads\/2018\/02\/gazeta-wyborcza-10-11-luty-2018-1-169x300.jpg\" \/>\n<meta name=\"twitter:card\" content=\"summary_large_image\" \/>\n<meta name=\"twitter:label1\" content=\"Szacowany czas czytania\" \/>\n\t<meta name=\"twitter:data1\" content=\"2 minuty\" \/>\n<script type=\"application\/ld+json\" class=\"yoast-schema-graph\">{\"@context\":\"https:\/\/schema.org\",\"@graph\":[{\"@type\":[\"Person\",\"Organization\"],\"@id\":\"http:\/\/pierniczymotorniczy.pl\/#\/schema\/person\/e9a68e280697e563905c75e1a24e5049\",\"name\":\"Krzysztof \\u017bukiewicz\",\"image\":{\"@type\":\"ImageObject\",\"@id\":\"http:\/\/pierniczymotorniczy.pl\/#personlogo\",\"inLanguage\":\"pl-PL\",\"url\":\"http:\/\/pierniczymotorniczy.pl\/wp-content\/uploads\/2018\/01\/podczas-pisania-na-galowo-150x150.jpg\",\"contentUrl\":\"http:\/\/pierniczymotorniczy.pl\/wp-content\/uploads\/2018\/01\/podczas-pisania-na-galowo-150x150.jpg\",\"caption\":\"Krzysztof \\u017bukiewicz\"},\"logo\":{\"@id\":\"http:\/\/pierniczymotorniczy.pl\/#personlogo\"},\"description\":\"Cze\\u015b\\u0107. Nazywam si\\u0119 Krzysztof \\u017bukiewicz. Mieszkam i pracuj\\u0119 w Poznaniu. Skoro trafi\\u0142e\\u015b na tego bloga to nieprzypadkowo. Lubisz tramwaje?....\",\"sameAs\":[\"http:\/\/pierniczymotorniczy.pl\"]},{\"@type\":\"WebSite\",\"@id\":\"http:\/\/pierniczymotorniczy.pl\/#website\",\"url\":\"http:\/\/pierniczymotorniczy.pl\/\",\"name\":\"Pierniczy Motorniczy\",\"description\":\"Pierniczy Motorniczy\",\"publisher\":{\"@id\":\"http:\/\/pierniczymotorniczy.pl\/#\/schema\/person\/e9a68e280697e563905c75e1a24e5049\"},\"potentialAction\":[{\"@type\":\"SearchAction\",\"target\":{\"@type\":\"EntryPoint\",\"urlTemplate\":\"http:\/\/pierniczymotorniczy.pl\/?s={search_term_string}\"},\"query-input\":\"required name=search_term_string\"}],\"inLanguage\":\"pl-PL\"},{\"@type\":\"ImageObject\",\"@id\":\"http:\/\/pierniczymotorniczy.pl\/?page_id=357#primaryimage\",\"inLanguage\":\"pl-PL\",\"url\":\"http:\/\/pierniczymotorniczy.pl\/wp-content\/uploads\/2018\/02\/gazeta-wyborcza-10-11-luty-2018-1.jpg\",\"contentUrl\":\"http:\/\/pierniczymotorniczy.pl\/wp-content\/uploads\/2018\/02\/gazeta-wyborcza-10-11-luty-2018-1.jpg\",\"width\":2160,\"height\":3840},{\"@type\":\"WebPage\",\"@id\":\"http:\/\/pierniczymotorniczy.pl\/?page_id=357#webpage\",\"url\":\"http:\/\/pierniczymotorniczy.pl\/?page_id=357\",\"name\":\"Media &#8902; Pierniczy Motorniczy\",\"isPartOf\":{\"@id\":\"http:\/\/pierniczymotorniczy.pl\/#website\"},\"primaryImageOfPage\":{\"@id\":\"http:\/\/pierniczymotorniczy.pl\/?page_id=357#primaryimage\"},\"datePublished\":\"2018-02-12T21:33:15+00:00\",\"dateModified\":\"2023-04-20T11:33:12+00:00\",\"breadcrumb\":{\"@id\":\"http:\/\/pierniczymotorniczy.pl\/?page_id=357#breadcrumb\"},\"inLanguage\":\"pl-PL\",\"potentialAction\":[{\"@type\":\"ReadAction\",\"target\":[\"http:\/\/pierniczymotorniczy.pl\/?page_id=357\"]}]},{\"@type\":\"BreadcrumbList\",\"@id\":\"http:\/\/pierniczymotorniczy.pl\/?page_id=357#breadcrumb\",\"itemListElement\":[{\"@type\":\"ListItem\",\"position\":1,\"name\":\"Strona g\\u0142\\u00f3wna\",\"item\":\"http:\/\/pierniczymotorniczy.pl\/\"},{\"@type\":\"ListItem\",\"position\":2,\"name\":\"Media\"}]}]}<\/script>\n<!-- \/ Yoast SEO plugin. -->","yoast_head_json":{"title":"Media &#8902; Pierniczy Motorniczy","robots":{"index":"index","follow":"follow","max-snippet":"max-snippet:-1","max-image-preview":"max-image-preview:large","max-video-preview":"max-video-preview:-1"},"canonical":"http:\/\/pierniczymotorniczy.pl\/?page_id=357","og_locale":"pl_PL","og_type":"article","og_title":"Media &#8902; Pierniczy Motorniczy","og_description":"https:\/\/m.facebook.com\/story.php?story_fbid=pfbid02iP8wqNimHqPJaRWcyUPNBQHbKHcUK1UFUBHCE1eUmcSb7e6vD7QpPiJtKaKgpRmjl&amp;id=100083590771761&amp;sfnsn=mo TRAMWAJARZE PRZEDSZKOLAKOM\/PRZEDSZKOLE NR 155 &#8220;POLANIE&#8221; &#8211; opis z dnia 19.04.2023-Spotkanie z Teatrem Tramwajarzy https:\/\/www.facebook.com\/Maczki50\/photos\/pcb.1905309463154383\/1905307806487882\/ AKADEMIA MA\u0141EGO PASA\u017bERA\/SZKO\u0141A PODSTAWOWA NR 50 W POZNANIU-opis z dnia 19.12.2022 https:\/\/www.facebook.com\/permalink.php?story_fbid=pfbid02XS6VcXpyAUegMW9THaMX2NsLbuVG9Vp2MB3hAhHNFTmiAsB226DRXC5D1gk8LyRgl&amp;id=100063497534989&amp;__cft__[0]=AZXZbkjrtU81McLnFTxuguDTtvTjeElX-TmPvg4gATiT76NaKmNgK0kzSI1LFu5MHiGD8EM_SLASjaGXAyOxW6lST7SnEiP1no19ghExHJ66uO5qaa2p2K2OZ4yJoLipB56Zrf-sneQJ1rFcrnYQ3POaH0FJ_-MNd2I9jqNkmLOakoW5u33Xq43PH6eOVf3ls0SJuUsHm_YGcyqoFm3q4KdJ&amp;__tn__=%2CO%2CP-R TRAMWAJARZE PRZEDSZKOLAKOM\/PRZEDSZKOLE NR 17 &#8220;IKAREK&#8221; W G\u0141USZYNIE-opis z dnia 29.10.2022-Spotkanie z pozna\u0144skimi tramwajarzami https:\/\/m.facebook.com\/story.php?story_fbid=534297502029456&amp;id=100063476323042 AKADEMIA MA\u0141EGO PASA\u017bERA\/SZKO\u0141A PODSTAWOWA NR 21 W POZNANIU-opis z dnia 03.10.2022 http:\/\/www.zsp6poznan.pl\/akademia-malego-pasazera\/ AKADEMIA MA\u0141EGO [&hellip;]","og_url":"http:\/\/pierniczymotorniczy.pl\/?page_id=357","og_site_name":"Pierniczy Motorniczy","article_modified_time":"2023-04-20T11:33:12+00:00","og_image":[{"url":"http:\/\/pierniczymotorniczy.pl\/wp-content\/uploads\/2018\/02\/gazeta-wyborcza-10-11-luty-2018-1-169x300.jpg"}],"twitter_card":"summary_large_image","twitter_misc":{"Szacowany czas czytania":"2 minuty"},"schema":{"@context":"https:\/\/schema.org","@graph":[{"@type":["Person","Organization"],"@id":"http:\/\/pierniczymotorniczy.pl\/#\/schema\/person\/e9a68e280697e563905c75e1a24e5049","name":"Krzysztof \u017bukiewicz","image":{"@type":"ImageObject","@id":"http:\/\/pierniczymotorniczy.pl\/#personlogo","inLanguage":"pl-PL","url":"http:\/\/pierniczymotorniczy.pl\/wp-content\/uploads\/2018\/01\/podczas-pisania-na-galowo-150x150.jpg","contentUrl":"http:\/\/pierniczymotorniczy.pl\/wp-content\/uploads\/2018\/01\/podczas-pisania-na-galowo-150x150.jpg","caption":"Krzysztof \u017bukiewicz"},"logo":{"@id":"http:\/\/pierniczymotorniczy.pl\/#personlogo"},"description":"Cze\u015b\u0107. Nazywam si\u0119 Krzysztof \u017bukiewicz. Mieszkam i pracuj\u0119 w Poznaniu. Skoro trafi\u0142e\u015b na tego bloga to nieprzypadkowo. Lubisz tramwaje?....","sameAs":["http:\/\/pierniczymotorniczy.pl"]},{"@type":"WebSite","@id":"http:\/\/pierniczymotorniczy.pl\/#website","url":"http:\/\/pierniczymotorniczy.pl\/","name":"Pierniczy Motorniczy","description":"Pierniczy Motorniczy","publisher":{"@id":"http:\/\/pierniczymotorniczy.pl\/#\/schema\/person\/e9a68e280697e563905c75e1a24e5049"},"potentialAction":[{"@type":"SearchAction","target":{"@type":"EntryPoint","urlTemplate":"http:\/\/pierniczymotorniczy.pl\/?s={search_term_string}"},"query-input":"required name=search_term_string"}],"inLanguage":"pl-PL"},{"@type":"ImageObject","@id":"http:\/\/pierniczymotorniczy.pl\/?page_id=357#primaryimage","inLanguage":"pl-PL","url":"http:\/\/pierniczymotorniczy.pl\/wp-content\/uploads\/2018\/02\/gazeta-wyborcza-10-11-luty-2018-1.jpg","contentUrl":"http:\/\/pierniczymotorniczy.pl\/wp-content\/uploads\/2018\/02\/gazeta-wyborcza-10-11-luty-2018-1.jpg","width":2160,"height":3840},{"@type":"WebPage","@id":"http:\/\/pierniczymotorniczy.pl\/?page_id=357#webpage","url":"http:\/\/pierniczymotorniczy.pl\/?page_id=357","name":"Media &#8902; Pierniczy Motorniczy","isPartOf":{"@id":"http:\/\/pierniczymotorniczy.pl\/#website"},"primaryImageOfPage":{"@id":"http:\/\/pierniczymotorniczy.pl\/?page_id=357#primaryimage"},"datePublished":"2018-02-12T21:33:15+00:00","dateModified":"2023-04-20T11:33:12+00:00","breadcrumb":{"@id":"http:\/\/pierniczymotorniczy.pl\/?page_id=357#breadcrumb"},"inLanguage":"pl-PL","potentialAction":[{"@type":"ReadAction","target":["http:\/\/pierniczymotorniczy.pl\/?page_id=357"]}]},{"@type":"BreadcrumbList","@id":"http:\/\/pierniczymotorniczy.pl\/?page_id=357#breadcrumb","itemListElement":[{"@type":"ListItem","position":1,"name":"Strona g\u0142\u00f3wna","item":"http:\/\/pierniczymotorniczy.pl\/"},{"@type":"ListItem","position":2,"name":"Media"}]}]}},"post_mailing_queue_ids":[],"_links":{"self":[{"href":"http:\/\/pierniczymotorniczy.pl\/index.php?rest_route=\/wp\/v2\/pages\/357"}],"collection":[{"href":"http:\/\/pierniczymotorniczy.pl\/index.php?rest_route=\/wp\/v2\/pages"}],"about":[{"href":"http:\/\/pierniczymotorniczy.pl\/index.php?rest_route=\/wp\/v2\/types\/page"}],"author":[{"embeddable":true,"href":"http:\/\/pierniczymotorniczy.pl\/index.php?rest_route=\/wp\/v2\/users\/1"}],"replies":[{"embeddable":true,"href":"http:\/\/pierniczymotorniczy.pl\/index.php?rest_route=%2Fwp%2Fv2%2Fcomments&post=357"}],"version-history":[{"count":42,"href":"http:\/\/pierniczymotorniczy.pl\/index.php?rest_route=\/wp\/v2\/pages\/357\/revisions"}],"predecessor-version":[{"id":6521,"href":"http:\/\/pierniczymotorniczy.pl\/index.php?rest_route=\/wp\/v2\/pages\/357\/revisions\/6521"}],"wp:attachment":[{"href":"http:\/\/pierniczymotorniczy.pl\/index.php?rest_route=%2Fwp%2Fv2%2Fmedia&parent=357"}],"curies":[{"name":"wp","href":"https:\/\/api.w.org\/{rel}","templated":true}]}}